{"id":391,"date":"2023-11-30T17:44:16","date_gmt":"2023-11-30T20:44:16","guid":{"rendered":"https:\/\/meiremendesjoias.com.br\/novo\/?post_type=product&#038;p=391"},"modified":"2023-12-06T16:52:21","modified_gmt":"2023-12-06T19:52:21","slug":"brinco-romeu-julieta-ouro-18k","status":"publish","type":"product","link":"https:\/\/meiremendesjoias.com.br\/novo\/produto\/brinco-romeu-julieta-ouro-18k\/","title":{"rendered":"Brinco Romeu Julieta Ouro 18k"},"content":{"rendered":"<p>Brinco em ouro 18 k, romeu e julieta. P\u00e9rola de \u00e1gua doce e zic\u00f4nia cravejada. Acabamento polido.<\/p>\n<p>Tamanho: 1,24 x 0,65 cm<\/p>\n<p>Garantia permanente do ouro, p\u00e9rola e zirc\u00f4nia e de 90 dias contra defeitos de fabrica\u00e7\u00e3o.<\/p>\n","protected":false},"excerpt":{"rendered":"<p>Brinco em ouro 18 k, romeu e julieta. P\u00e9rola de \u00e1gua doce e zic\u00f4nia cravejada. Acabamento polido.<\/p>\n<p>Tamanho: 1,24 x 0,65 cm<\/p>\n<p>Garantia permanente do ouro, p\u00e9rola e zirc\u00f4nia e de 90 dias contra defeitos de fabrica\u00e7\u00e3o.<\/p>\n","protected":false},"featured_media":448,"comment_status":"open","ping_status":"closed","template":"","meta":[],"product_brand":[],"product_cat":[153],"product_tag":[156,59,60,301,302,78],"class_list":{"0":"post-391","1":"product","2":"type-product","3":"status-publish","4":"has-post-thumbnail","6":"product_cat-brincos","7":"product_tag-brinco","8":"product_tag-garantia","9":"product_tag-ouro-18-k","10":"product_tag-perola-agua-doce","11":"product_tag-romeu-e-julieta","12":"product_tag-zirconia","14":"first","15":"outofstock","16":"shipping-taxable","17":"product-type-simple"},"_links":{"self":[{"href":"https:\/\/meiremendesjoias.com.br\/novo\/wp-json\/wp\/v2\/product\/391","targetHints":{"allow":["GET"]}}],"collection":[{"href":"https:\/\/meiremendesjoias.com.br\/novo\/wp-json\/wp\/v2\/product"}],"about":[{"href":"https:\/\/meiremendesjoias.com.br\/novo\/wp-json\/wp\/v2\/types\/product"}],"replies":[{"embeddable":true,"href":"https:\/\/meiremendesjoias.com.br\/novo\/wp-json\/wp\/v2\/comments?post=391"}],"wp:featuredmedia":[{"embeddable":true,"href":"https:\/\/meiremendesjoias.com.br\/novo\/wp-json\/wp\/v2\/media\/448"}],"wp:attachment":[{"href":"https:\/\/meiremendesjoias.com.br\/novo\/wp-json\/wp\/v2\/media?parent=391"}],"wp:term":[{"taxonomy":"product_brand","embeddable":true,"href":"https:\/\/meiremendesjoias.com.br\/novo\/wp-json\/wp\/v2\/product_brand?post=391"},{"taxonomy":"product_cat","embeddable":true,"href":"https:\/\/meiremendesjoias.com.br\/novo\/wp-json\/wp\/v2\/product_cat?post=391"},{"taxonomy":"product_tag","embeddable":true,"href":"https:\/\/meiremendesjoias.com.br\/novo\/wp-json\/wp\/v2\/product_tag?post=391"}],"curies":[{"name":"wp","href":"https:\/\/api.w.org\/{rel}","templated":true}]}}