{"id":40,"date":"2023-11-30T17:41:18","date_gmt":"2023-11-30T20:41:18","guid":{"rendered":"https:\/\/meiremendesjoias.com.br\/novo\/?post_type=product&#038;p=40"},"modified":"2023-12-06T16:52:24","modified_gmt":"2023-12-06T19:52:24","slug":"anel-solitario-calice-duplo-ouro-18-k-3","status":"publish","type":"product","link":"https:\/\/meiremendesjoias.com.br\/novo\/produto\/anel-solitario-calice-duplo-ouro-18-k-3\/","title":{"rendered":"Anel Solit\u00e1rio C\u00e1lice Duplo Ouro 18 k"},"content":{"rendered":"<p>Anel solit\u00e1rio c\u00e1lice duplo de ouro amarelo 18 k, com um zirc\u00f4nia ametista de 6 mm de di\u00e2metro.<\/p>\n<p>Prazo para fabrica\u00e7\u00e3o: 10 dias \u00fateis.<\/p>\n<p>Fazemos no aro, cor e tamanho de zirc\u00f4nia ou diamante que desejar.<\/p>\n","protected":false},"excerpt":{"rendered":"<p>Anel solit\u00e1rio c\u00e1lice duplo de ouro amarelo 18 k, com um zirc\u00f4nia ametista de 6 mm de di\u00e2metro.<\/p>\n<p>Prazo para fabrica\u00e7\u00e3o: 10 dias \u00fateis.<\/p>\n<p>Fazemos no aro, cor e tamanho de zirc\u00f4nia ou diamante que desejar.<\/p>\n","protected":false},"featured_media":107,"comment_status":"open","ping_status":"closed","template":"","meta":[],"product_brand":[],"product_cat":[16],"product_tag":[19,80,82,83,84,85,76,86,77,79],"class_list":{"0":"post-40","1":"product","2":"type-product","3":"status-publish","4":"has-post-thumbnail","6":"product_cat-aneis","7":"product_tag-anel","8":"product_tag-calice-duplo","9":"product_tag-casamento","10":"product_tag-diamante","11":"product_tag-namoro","12":"product_tag-noiva","13":"product_tag-noivado","14":"product_tag-ouro-amarelo-18-k","15":"product_tag-solitario","16":"product_tag-zirconia-cravejada","18":"first","19":"outofstock","20":"shipping-taxable","21":"product-type-simple"},"_links":{"self":[{"href":"https:\/\/meiremendesjoias.com.br\/novo\/wp-json\/wp\/v2\/product\/40","targetHints":{"allow":["GET"]}}],"collection":[{"href":"https:\/\/meiremendesjoias.com.br\/novo\/wp-json\/wp\/v2\/product"}],"about":[{"href":"https:\/\/meiremendesjoias.com.br\/novo\/wp-json\/wp\/v2\/types\/product"}],"replies":[{"embeddable":true,"href":"https:\/\/meiremendesjoias.com.br\/novo\/wp-json\/wp\/v2\/comments?post=40"}],"wp:featuredmedia":[{"embeddable":true,"href":"https:\/\/meiremendesjoias.com.br\/novo\/wp-json\/wp\/v2\/media\/107"}],"wp:attachment":[{"href":"https:\/\/meiremendesjoias.com.br\/novo\/wp-json\/wp\/v2\/media?parent=40"}],"wp:term":[{"taxonomy":"product_brand","embeddable":true,"href":"https:\/\/meiremendesjoias.com.br\/novo\/wp-json\/wp\/v2\/product_brand?post=40"},{"taxonomy":"product_cat","embeddable":true,"href":"https:\/\/meiremendesjoias.com.br\/novo\/wp-json\/wp\/v2\/product_cat?post=40"},{"taxonomy":"product_tag","embeddable":true,"href":"https:\/\/meiremendesjoias.com.br\/novo\/wp-json\/wp\/v2\/product_tag?post=40"}],"curies":[{"name":"wp","href":"https:\/\/api.w.org\/{rel}","templated":true}]}}