{"id":427,"date":"2023-11-30T17:44:39","date_gmt":"2023-11-30T20:44:39","guid":{"rendered":"https:\/\/meiremendesjoias.com.br\/novo\/?post_type=product&#038;p=427"},"modified":"2024-05-08T17:23:46","modified_gmt":"2024-05-08T20:23:46","slug":"conjunto-coracao-fusion","status":"publish","type":"product","link":"https:\/\/meiremendesjoias.com.br\/novo\/produto\/conjunto-coracao-fusion\/","title":{"rendered":"Conjunto Cora\u00e7\u00e3o Fusion"},"content":{"rendered":"<p>Conjunto de brinco e gargantilha, banhado a ouro amarelo 18 k, com cora\u00e7\u00e3o fusion turmalina, ametista, ou esmeralda, cravejado a volta toda com micro zirc\u00f4nias.<\/p>\n<p>Brinco: 2,5 cm de largura x 2,5 cm de altura<\/p>\n<p>Gargantilha: 48 cm de comprimento em m\u00e9dia.<\/p>\n","protected":false},"excerpt":{"rendered":"<p>Conjunto de brinco e gargantilha, banhado a ouro amarelo 18 k, com cora\u00e7\u00e3o fusion turmalina, ametista, rubelita ou esmeralda, cravejado a volta toda com micro zirc\u00f4nias.<\/p>\n<p>Brinco: 2,5 cm de largura x 2,5 cm de altura<\/p>\n<p>Gargantilha: 48 cm de comprimento em m\u00e9dia.<\/p>\n","protected":false},"featured_media":483,"comment_status":"open","ping_status":"closed","template":"","meta":[],"product_brand":[],"product_cat":[315,17],"product_tag":[319,36,156,316,29,43,30,186,41,320,32,42],"class_list":{"0":"post-427","1":"product","2":"type-product","3":"status-publish","4":"has-post-thumbnail","6":"product_cat-conjuntos","7":"product_cat-sale","8":"product_tag-ametista","9":"product_tag-banhado-a-ouro-amarelo","10":"product_tag-brinco","11":"product_tag-conjunto","12":"product_tag-coracao","13":"product_tag-esmeralda","14":"product_tag-fusion","15":"product_tag-gargantilha","16":"product_tag-micro-cravacao","17":"product_tag-rosa-pink","18":"product_tag-turmalina","19":"product_tag-zirconias","21":"first","22":"instock","23":"sale","24":"shipping-taxable","25":"purchasable","26":"product-type-simple"},"_links":{"self":[{"href":"https:\/\/meiremendesjoias.com.br\/novo\/wp-json\/wp\/v2\/product\/427","targetHints":{"allow":["GET"]}}],"collection":[{"href":"https:\/\/meiremendesjoias.com.br\/novo\/wp-json\/wp\/v2\/product"}],"about":[{"href":"https:\/\/meiremendesjoias.com.br\/novo\/wp-json\/wp\/v2\/types\/product"}],"replies":[{"embeddable":true,"href":"https:\/\/meiremendesjoias.com.br\/novo\/wp-json\/wp\/v2\/comments?post=427"}],"wp:featuredmedia":[{"embeddable":true,"href":"https:\/\/meiremendesjoias.com.br\/novo\/wp-json\/wp\/v2\/media\/483"}],"wp:attachment":[{"href":"https:\/\/meiremendesjoias.com.br\/novo\/wp-json\/wp\/v2\/media?parent=427"}],"wp:term":[{"taxonomy":"product_brand","embeddable":true,"href":"https:\/\/meiremendesjoias.com.br\/novo\/wp-json\/wp\/v2\/product_brand?post=427"},{"taxonomy":"product_cat","embeddable":true,"href":"https:\/\/meiremendesjoias.com.br\/novo\/wp-json\/wp\/v2\/product_cat?post=427"},{"taxonomy":"product_tag","embeddable":true,"href":"https:\/\/meiremendesjoias.com.br\/novo\/wp-json\/wp\/v2\/product_tag?post=427"}],"curies":[{"name":"wp","href":"https:\/\/api.w.org\/{rel}","templated":true}]}}