{"id":428,"date":"2023-11-30T17:44:39","date_gmt":"2023-11-30T20:44:39","guid":{"rendered":"https:\/\/meiremendesjoias.com.br\/novo\/?post_type=product&#038;p=428"},"modified":"2023-12-01T19:07:45","modified_gmt":"2023-12-01T22:07:45","slug":"conjunto-coracao-quartzo-rosa","status":"publish","type":"product","link":"https:\/\/meiremendesjoias.com.br\/novo\/produto\/conjunto-coracao-quartzo-rosa\/","title":{"rendered":"Conjunto Cora\u00e7\u00e3o Quartzo Rosa"},"content":{"rendered":"<p>Conjunto de brinco e gargantilha, em prata 925, banhado a r\u00f3dio, com zirc\u00f4nias e navetes cravejadas nas cores quartzo rosa e transparente.<br \/>\nCorrente 41 cm, mais extensor que chega at\u00e9 46 cm<br \/>\nPingente: 1,8 cm de largura x 3,0 cm de altura<br \/>\nBrinco: 1,8 cm de altura x 1,8 cm de altura<\/p>\n","protected":false},"excerpt":{"rendered":"<p>Conjunto de brinco e gargantilha, em prata 925, banhado a r\u00f3dio, com zirc\u00f4nias e navetes cravejadas nas cores quartzo rosa e transparente.<br \/>\nCorrente 41 cm, mais extensor que chega at\u00e9 46 cm<br \/>\nPingente: 1,8 cm de largura x 3,0 cm de altura<br \/>\nBrinco: 1,8 cm de altura x 1,8 cm de altura<\/p>\n","protected":false},"featured_media":484,"comment_status":"open","ping_status":"closed","template":"","meta":[],"product_brand":[],"product_cat":[315],"product_tag":[22,156,175,316,186,160,161,24,164,26],"class_list":{"0":"post-428","1":"product","2":"type-product","3":"status-publish","4":"has-post-thumbnail","6":"product_cat-conjuntos","7":"product_tag-banhado-a-rodio","8":"product_tag-brinco","9":"product_tag-colares","10":"product_tag-conjunto","11":"product_tag-gargantilha","12":"product_tag-joias-em-prata","13":"product_tag-navetes","14":"product_tag-prata-925","15":"product_tag-quartzo-rosa","16":"product_tag-zirconias-cravejadas","18":"first","19":"instock","20":"shipping-taxable","21":"purchasable","22":"product-type-simple"},"_links":{"self":[{"href":"https:\/\/meiremendesjoias.com.br\/novo\/wp-json\/wp\/v2\/product\/428","targetHints":{"allow":["GET"]}}],"collection":[{"href":"https:\/\/meiremendesjoias.com.br\/novo\/wp-json\/wp\/v2\/product"}],"about":[{"href":"https:\/\/meiremendesjoias.com.br\/novo\/wp-json\/wp\/v2\/types\/product"}],"replies":[{"embeddable":true,"href":"https:\/\/meiremendesjoias.com.br\/novo\/wp-json\/wp\/v2\/comments?post=428"}],"wp:featuredmedia":[{"embeddable":true,"href":"https:\/\/meiremendesjoias.com.br\/novo\/wp-json\/wp\/v2\/media\/484"}],"wp:attachment":[{"href":"https:\/\/meiremendesjoias.com.br\/novo\/wp-json\/wp\/v2\/media?parent=428"}],"wp:term":[{"taxonomy":"product_brand","embeddable":true,"href":"https:\/\/meiremendesjoias.com.br\/novo\/wp-json\/wp\/v2\/product_brand?post=428"},{"taxonomy":"product_cat","embeddable":true,"href":"https:\/\/meiremendesjoias.com.br\/novo\/wp-json\/wp\/v2\/product_cat?post=428"},{"taxonomy":"product_tag","embeddable":true,"href":"https:\/\/meiremendesjoias.com.br\/novo\/wp-json\/wp\/v2\/product_tag?post=428"}],"curies":[{"name":"wp","href":"https:\/\/api.w.org\/{rel}","templated":true}]}}