{"id":431,"date":"2023-11-30T17:44:39","date_gmt":"2023-11-30T20:44:39","guid":{"rendered":"https:\/\/meiremendesjoias.com.br\/novo\/?post_type=product&#038;p=431"},"modified":"2025-09-25T11:48:50","modified_gmt":"2025-09-25T14:48:50","slug":"conjunto-coracao-safira-invisible","status":"publish","type":"product","link":"https:\/\/meiremendesjoias.com.br\/novo\/produto\/conjunto-coracao-safira-invisible\/","title":{"rendered":"Conjunto Cora\u00e7\u00e3o Safira Invisible"},"content":{"rendered":"","protected":false},"excerpt":{"rendered":"<p>Conjunto de brinco e gargantilha, em prata 925, banhado a r\u00f3dio, cora\u00e7\u00e3o com crava\u00e7\u00e3o invisible na cor safira, com zirc\u00f4nias brancas cravejadas a volta toda.<br \/>\nCorrente 41 cm, mais extensor que chega at\u00e9 44 cm.<br \/>\nPingente: 1,3 cm de largura x 1,2 cm de altura<br \/>\nBrinco: 1,3 cm de altura x 1,2 cm de altura<\/p>\n","protected":false},"featured_media":488,"comment_status":"open","ping_status":"closed","template":"","meta":[],"product_brand":[],"product_cat":[315],"product_tag":[22,156,175,316,29,321,186,322,160,24,256,26],"class_list":{"0":"post-431","1":"product","2":"type-product","3":"status-publish","4":"has-post-thumbnail","6":"product_cat-conjuntos","7":"product_tag-banhado-a-rodio","8":"product_tag-brinco","9":"product_tag-colares","10":"product_tag-conjunto","11":"product_tag-coracao","12":"product_tag-cravacao-invisivel","13":"product_tag-gargantilha","14":"product_tag-invisible","15":"product_tag-joias-em-prata","16":"product_tag-prata-925","17":"product_tag-safira","18":"product_tag-zirconias-cravejadas","20":"first","21":"outofstock","22":"shipping-taxable","23":"purchasable","24":"product-type-simple"},"_links":{"self":[{"href":"https:\/\/meiremendesjoias.com.br\/novo\/wp-json\/wp\/v2\/product\/431","targetHints":{"allow":["GET"]}}],"collection":[{"href":"https:\/\/meiremendesjoias.com.br\/novo\/wp-json\/wp\/v2\/product"}],"about":[{"href":"https:\/\/meiremendesjoias.com.br\/novo\/wp-json\/wp\/v2\/types\/product"}],"replies":[{"embeddable":true,"href":"https:\/\/meiremendesjoias.com.br\/novo\/wp-json\/wp\/v2\/comments?post=431"}],"wp:featuredmedia":[{"embeddable":true,"href":"https:\/\/meiremendesjoias.com.br\/novo\/wp-json\/wp\/v2\/media\/488"}],"wp:attachment":[{"href":"https:\/\/meiremendesjoias.com.br\/novo\/wp-json\/wp\/v2\/media?parent=431"}],"wp:term":[{"taxonomy":"product_brand","embeddable":true,"href":"https:\/\/meiremendesjoias.com.br\/novo\/wp-json\/wp\/v2\/product_brand?post=431"},{"taxonomy":"product_cat","embeddable":true,"href":"https:\/\/meiremendesjoias.com.br\/novo\/wp-json\/wp\/v2\/product_cat?post=431"},{"taxonomy":"product_tag","embeddable":true,"href":"https:\/\/meiremendesjoias.com.br\/novo\/wp-json\/wp\/v2\/product_tag?post=431"}],"curies":[{"name":"wp","href":"https:\/\/api.w.org\/{rel}","templated":true}]}}