{"id":461,"date":"2023-11-30T17:45:00","date_gmt":"2023-11-30T20:45:00","guid":{"rendered":"https:\/\/meiremendesjoias.com.br\/novo\/?post_type=product&#038;p=461"},"modified":"2024-03-27T15:38:26","modified_gmt":"2024-03-27T18:38:26","slug":"conjunto-gota-fusion","status":"publish","type":"product","link":"https:\/\/meiremendesjoias.com.br\/novo\/produto\/conjunto-gota-fusion\/","title":{"rendered":"Conjunto Gota Fusion"},"content":{"rendered":"<p>Conjunto de brinco e colar, banhado a ouro amarelo 18 k, com cora\u00e7\u00e3o fusion esmeralda colombiana, ametista, ou magenta (cor Pantone 2023), cravejado com micro zirc\u00f4nias.<\/p>\n<p>Brinco: 2,1 cm de largura x 4,5 cm de altura<\/p>\n<p>Colar: 39 cm de comprimento, mais extensor que chega at\u00e9 44 cm.<\/p>\n","protected":false},"excerpt":{"rendered":"<p>Conjunto de brinco e colar, banhado a ouro amarelo 18 k, com cora\u00e7\u00e3o fusion esmeralda colombiana, ametista, ou magenta (cor Pantone 2023), cravejado com micro zirc\u00f4nias.<\/p>\n<p>Brinco: 2,1 cm de largura x 4,5 cm de altura<\/p>\n<p>Colar: 39 cm de comprimento, mais extensor que chega at\u00e9 44 cm.<\/p>\n<p>Entre em contato por WhatsApp, para consultar a disponibilidade da cor que deseja, antes de finalizar a compra.<\/p>\n","protected":false},"featured_media":495,"comment_status":"open","ping_status":"closed","template":"","meta":[],"product_brand":[],"product_cat":[315],"product_tag":[319,36,156,172,316,39,30,186,40,331,41,42],"class_list":{"0":"post-461","1":"product","2":"type-product","3":"status-publish","4":"has-post-thumbnail","6":"product_cat-conjuntos","7":"product_tag-ametista","8":"product_tag-banhado-a-ouro-amarelo","9":"product_tag-brinco","10":"product_tag-colar","11":"product_tag-conjunto","12":"product_tag-esmeralda-colombiana","13":"product_tag-fusion","14":"product_tag-gargantilha","15":"product_tag-gota","16":"product_tag-magenta","17":"product_tag-micro-cravacao","18":"product_tag-zirconias","20":"first","21":"instock","22":"shipping-taxable","23":"purchasable","24":"product-type-simple"},"_links":{"self":[{"href":"https:\/\/meiremendesjoias.com.br\/novo\/wp-json\/wp\/v2\/product\/461","targetHints":{"allow":["GET"]}}],"collection":[{"href":"https:\/\/meiremendesjoias.com.br\/novo\/wp-json\/wp\/v2\/product"}],"about":[{"href":"https:\/\/meiremendesjoias.com.br\/novo\/wp-json\/wp\/v2\/types\/product"}],"replies":[{"embeddable":true,"href":"https:\/\/meiremendesjoias.com.br\/novo\/wp-json\/wp\/v2\/comments?post=461"}],"wp:featuredmedia":[{"embeddable":true,"href":"https:\/\/meiremendesjoias.com.br\/novo\/wp-json\/wp\/v2\/media\/495"}],"wp:attachment":[{"href":"https:\/\/meiremendesjoias.com.br\/novo\/wp-json\/wp\/v2\/media?parent=461"}],"wp:term":[{"taxonomy":"product_brand","embeddable":true,"href":"https:\/\/meiremendesjoias.com.br\/novo\/wp-json\/wp\/v2\/product_brand?post=461"},{"taxonomy":"product_cat","embeddable":true,"href":"https:\/\/meiremendesjoias.com.br\/novo\/wp-json\/wp\/v2\/product_cat?post=461"},{"taxonomy":"product_tag","embeddable":true,"href":"https:\/\/meiremendesjoias.com.br\/novo\/wp-json\/wp\/v2\/product_tag?post=461"}],"curies":[{"name":"wp","href":"https:\/\/api.w.org\/{rel}","templated":true}]}}