{"id":462,"date":"2023-11-30T17:45:00","date_gmt":"2023-11-30T20:45:00","guid":{"rendered":"https:\/\/meiremendesjoias.com.br\/novo\/?post_type=product&#038;p=462"},"modified":"2023-12-01T19:07:44","modified_gmt":"2023-12-01T22:07:44","slug":"conjunto-laco-agua-marinha","status":"publish","type":"product","link":"https:\/\/meiremendesjoias.com.br\/novo\/produto\/conjunto-laco-agua-marinha\/","title":{"rendered":"Conjunto La\u00e7o \u00c1gua Marinha"},"content":{"rendered":"<p>Conjunto banhado a r\u00f3dio, com la\u00e7o todo cravejado de micro zirc\u00f4nias brancas e \u00e1gua marinha.<\/p>\n<p>Brinco: 3,3 cm de largura x 3,7 cm de altura.<\/p>\n<p>Anel: aro 14<\/p>\n","protected":false},"excerpt":{"rendered":"<p>Conjunto banhado a r\u00f3dio, com la\u00e7o todo cravejado de micro zirc\u00f4nias brancas e \u00e1gua marinha.<\/p>\n<p>Brinco: 3,3 cm de largura x 3,7 cm de altura.<\/p>\n<p>Anel: aro 14<\/p>\n","protected":false},"featured_media":499,"comment_status":"open","ping_status":"closed","template":"","meta":[],"product_brand":[],"product_cat":[315],"product_tag":[166,19,22,156,316,332,215],"class_list":{"0":"post-462","1":"product","2":"type-product","3":"status-publish","4":"has-post-thumbnail","6":"product_cat-conjuntos","7":"product_tag-agua-marinha","8":"product_tag-anel","9":"product_tag-banhado-a-rodio","10":"product_tag-brinco","11":"product_tag-conjunto","12":"product_tag-laco","13":"product_tag-micro-zirconias","15":"first","16":"instock","17":"shipping-taxable","18":"purchasable","19":"product-type-simple"},"_links":{"self":[{"href":"https:\/\/meiremendesjoias.com.br\/novo\/wp-json\/wp\/v2\/product\/462","targetHints":{"allow":["GET"]}}],"collection":[{"href":"https:\/\/meiremendesjoias.com.br\/novo\/wp-json\/wp\/v2\/product"}],"about":[{"href":"https:\/\/meiremendesjoias.com.br\/novo\/wp-json\/wp\/v2\/types\/product"}],"replies":[{"embeddable":true,"href":"https:\/\/meiremendesjoias.com.br\/novo\/wp-json\/wp\/v2\/comments?post=462"}],"wp:featuredmedia":[{"embeddable":true,"href":"https:\/\/meiremendesjoias.com.br\/novo\/wp-json\/wp\/v2\/media\/499"}],"wp:attachment":[{"href":"https:\/\/meiremendesjoias.com.br\/novo\/wp-json\/wp\/v2\/media?parent=462"}],"wp:term":[{"taxonomy":"product_brand","embeddable":true,"href":"https:\/\/meiremendesjoias.com.br\/novo\/wp-json\/wp\/v2\/product_brand?post=462"},{"taxonomy":"product_cat","embeddable":true,"href":"https:\/\/meiremendesjoias.com.br\/novo\/wp-json\/wp\/v2\/product_cat?post=462"},{"taxonomy":"product_tag","embeddable":true,"href":"https:\/\/meiremendesjoias.com.br\/novo\/wp-json\/wp\/v2\/product_tag?post=462"}],"curies":[{"name":"wp","href":"https:\/\/api.w.org\/{rel}","templated":true}]}}