{"id":472,"date":"2023-11-30T17:45:00","date_gmt":"2023-11-30T20:45:00","guid":{"rendered":"https:\/\/meiremendesjoias.com.br\/novo\/?post_type=product&#038;p=472"},"modified":"2023-12-01T19:07:45","modified_gmt":"2023-12-01T22:07:45","slug":"caixa-marfim-laco-prata","status":"publish","type":"product","link":"https:\/\/meiremendesjoias.com.br\/novo\/produto\/caixa-marfim-laco-prata\/","title":{"rendered":"Caixa Marfim La\u00e7o Prata"},"content":{"rendered":"<p>Caixa de papel na cor marfim, com la\u00e7o na cor prata.<br \/>\nInforma\u00e7\u00f5es T\u00e9cnicas:<br \/>\n&#8211; Caixa com lamina\u00e7\u00e3o fosca;<br \/>\n&#8211; Papel Color Plus 200 g\/m2;<br \/>\n&#8211; Com ber\u00e7o em papel Color Plus 280g;<br \/>\n&#8211; Tamanho: 4,0 altura x 8,0 largura x 8,0 comprimento.<\/p>\n","protected":false},"excerpt":{"rendered":"<p>Caixa de papel na cor marfim, com la\u00e7o na cor prata.<br \/>\nInforma\u00e7\u00f5es T\u00e9cnicas:<br \/>\n&#8211; Caixa com lamina\u00e7\u00e3o fosca;<br \/>\n&#8211; Papel Color Plus 200 g\/m2;<br \/>\n&#8211; Com ber\u00e7o em papel Color Plus 280g;<br \/>\n&#8211; Tamanho: 4,0 altura x 8,0 largura x 8,0 comprimento.<\/p>\n","protected":false},"featured_media":533,"comment_status":"open","ping_status":"closed","template":"","meta":[],"product_brand":[],"product_cat":[336],"product_tag":[342,343,332,344,345],"class_list":{"0":"post-472","1":"product","2":"type-product","3":"status-publish","4":"has-post-thumbnail","6":"product_cat-embalagens","7":"product_tag-caixa","8":"product_tag-embalagem-para-presente","9":"product_tag-laco","10":"product_tag-marfim","11":"product_tag-papel","13":"first","14":"instock","15":"shipping-taxable","16":"purchasable","17":"product-type-simple"},"_links":{"self":[{"href":"https:\/\/meiremendesjoias.com.br\/novo\/wp-json\/wp\/v2\/product\/472","targetHints":{"allow":["GET"]}}],"collection":[{"href":"https:\/\/meiremendesjoias.com.br\/novo\/wp-json\/wp\/v2\/product"}],"about":[{"href":"https:\/\/meiremendesjoias.com.br\/novo\/wp-json\/wp\/v2\/types\/product"}],"replies":[{"embeddable":true,"href":"https:\/\/meiremendesjoias.com.br\/novo\/wp-json\/wp\/v2\/comments?post=472"}],"wp:featuredmedia":[{"embeddable":true,"href":"https:\/\/meiremendesjoias.com.br\/novo\/wp-json\/wp\/v2\/media\/533"}],"wp:attachment":[{"href":"https:\/\/meiremendesjoias.com.br\/novo\/wp-json\/wp\/v2\/media?parent=472"}],"wp:term":[{"taxonomy":"product_brand","embeddable":true,"href":"https:\/\/meiremendesjoias.com.br\/novo\/wp-json\/wp\/v2\/product_brand?post=472"},{"taxonomy":"product_cat","embeddable":true,"href":"https:\/\/meiremendesjoias.com.br\/novo\/wp-json\/wp\/v2\/product_cat?post=472"},{"taxonomy":"product_tag","embeddable":true,"href":"https:\/\/meiremendesjoias.com.br\/novo\/wp-json\/wp\/v2\/product_tag?post=472"}],"curies":[{"name":"wp","href":"https:\/\/api.w.org\/{rel}","templated":true}]}}