{"id":476,"date":"2023-11-30T17:45:00","date_gmt":"2023-11-30T20:45:00","guid":{"rendered":"https:\/\/meiremendesjoias.com.br\/novo\/?post_type=product&#038;p=476"},"modified":"2023-12-06T16:52:21","modified_gmt":"2023-12-06T19:52:21","slug":"piercing-coracao-orelha-ouro-18-k","status":"publish","type":"product","link":"https:\/\/meiremendesjoias.com.br\/novo\/produto\/piercing-coracao-orelha-ouro-18-k\/","title":{"rendered":"Piercing Cora\u00e7\u00e3o Orelha Ouro 18 k"},"content":{"rendered":"<p>Piercing para orelha (cartilagem) de ouro 18 k, com 4 cora\u00e7\u00f5es com uma pedra de zirc\u00f4nia no centro de cada cora\u00e7\u00e3o. Al\u00e9m da zirc\u00f4nia na parte da frente da haste, crava\u00e7\u00e3o em garra, fio 1.2 mm, haste de 8 mm e acabamento polido. Ideal para quem tem a perfura\u00e7\u00e3o pr\u00f3xima a extremidade da orelha.<\/p>\n<p>Tamanho total: 1,2 cm<\/p>\n<p>Tamanho haste interno: 0,8 mm<\/p>\n<p>Tamanho dentro da meia lua: 0,7 mm<\/p>\n<p>Prazo para o envio: 15 dias \u00fateis, podendo ocorrer antes<\/p>\n","protected":false},"excerpt":{"rendered":"<p>Piercing para orelha (cartilagem) de ouro 18 k, com 4 cora\u00e7\u00f5es com uma pedra de zirc\u00f4nia no centro de cada cora\u00e7\u00e3o. Al\u00e9m da zirc\u00f4nia na parte da frente da haste, crava\u00e7\u00e3o em garra, fio 1.2 mm, haste de 8 mm e acabamento polido. Ideal para quem tem a perfura\u00e7\u00e3o pr\u00f3xima a extremidade da orelha.<\/p>\n<p>Tamanho total: 1,2 cm<\/p>\n<p>Tamanho haste interno: 0,8 mm<\/p>\n<p>Tamanho dentro da meia lua: 0,7 mm<\/p>\n<p>Prazo para o envio: 15 dias \u00fateis, podendo ocorrer antes<\/p>\n","protected":false},"featured_media":538,"comment_status":"open","ping_status":"closed","template":"","meta":[],"product_brand":[],"product_cat":[231],"product_tag":[312,29,59,348,314,60,232,42],"class_list":{"0":"post-476","1":"product","2":"type-product","3":"status-publish","4":"has-post-thumbnail","6":"product_cat-piercing","7":"product_tag-cartilagem","8":"product_tag-coracao","9":"product_tag-garantia","10":"product_tag-meia-lua","11":"product_tag-orelha","12":"product_tag-ouro-18-k","13":"product_tag-piercing","14":"product_tag-zirconias","16":"first","17":"outofstock","18":"shipping-taxable","19":"product-type-simple"},"_links":{"self":[{"href":"https:\/\/meiremendesjoias.com.br\/novo\/wp-json\/wp\/v2\/product\/476","targetHints":{"allow":["GET"]}}],"collection":[{"href":"https:\/\/meiremendesjoias.com.br\/novo\/wp-json\/wp\/v2\/product"}],"about":[{"href":"https:\/\/meiremendesjoias.com.br\/novo\/wp-json\/wp\/v2\/types\/product"}],"replies":[{"embeddable":true,"href":"https:\/\/meiremendesjoias.com.br\/novo\/wp-json\/wp\/v2\/comments?post=476"}],"wp:featuredmedia":[{"embeddable":true,"href":"https:\/\/meiremendesjoias.com.br\/novo\/wp-json\/wp\/v2\/media\/538"}],"wp:attachment":[{"href":"https:\/\/meiremendesjoias.com.br\/novo\/wp-json\/wp\/v2\/media?parent=476"}],"wp:term":[{"taxonomy":"product_brand","embeddable":true,"href":"https:\/\/meiremendesjoias.com.br\/novo\/wp-json\/wp\/v2\/product_brand?post=476"},{"taxonomy":"product_cat","embeddable":true,"href":"https:\/\/meiremendesjoias.com.br\/novo\/wp-json\/wp\/v2\/product_cat?post=476"},{"taxonomy":"product_tag","embeddable":true,"href":"https:\/\/meiremendesjoias.com.br\/novo\/wp-json\/wp\/v2\/product_tag?post=476"}],"curies":[{"name":"wp","href":"https:\/\/api.w.org\/{rel}","templated":true}]}}