{"id":514,"date":"2023-11-30T17:45:23","date_gmt":"2023-11-30T20:45:23","guid":{"rendered":"https:\/\/meiremendesjoias.com.br\/novo\/?post_type=product&#038;p=514"},"modified":"2023-12-01T19:07:43","modified_gmt":"2023-12-01T22:07:43","slug":"pulseira-ajustavel-nossa-senhora-de-aparecida","status":"publish","type":"product","link":"https:\/\/meiremendesjoias.com.br\/novo\/produto\/pulseira-ajustavel-nossa-senhora-de-aparecida\/","title":{"rendered":"Pulseira Ajust\u00e1vel Nossa Senhora De Aparecida"},"content":{"rendered":"<p>Pulseira banhada a ouro 18 k, banhada a r\u00f3dio, banhada a r\u00f3dio black, com zirc\u00f4nias cravejadas. Escolha a sua!<br \/>\nAjust\u00e1vel de 8,5 at\u00e9 26 cm de comprimento.<\/p>\n","protected":false},"excerpt":{"rendered":"<p>Pulseira banhada a ouro 18 k, banhada a r\u00f3dio, banhada a r\u00f3dio black, com zirc\u00f4nias cravejadas. Escolha a sua!<br \/>\nAjust\u00e1vel de 8,5 at\u00e9 26 cm de comprimento.<\/p>\n","protected":false},"featured_media":571,"comment_status":"open","ping_status":"closed","template":"","meta":[],"product_brand":[],"product_cat":[146],"product_tag":[74,188,360,361,365,178,151,363,364],"class_list":{"0":"post-514","1":"product","2":"type-product","3":"status-publish","4":"has-post-thumbnail","6":"product_cat-pulseiras","7":"product_tag-ajustavel","8":"product_tag-banhada-a-ouro-18-k","9":"product_tag-banhada-a-rodio","10":"product_tag-banhada-a-rodio-black","11":"product_tag-nossa-senhora-de-aparecida","12":"product_tag-protecao","13":"product_tag-pulseira","14":"product_tag-religiosa","15":"product_tag-ziconias-cravejadas","17":"first","18":"instock","19":"shipping-taxable","20":"purchasable","21":"product-type-simple"},"_links":{"self":[{"href":"https:\/\/meiremendesjoias.com.br\/novo\/wp-json\/wp\/v2\/product\/514","targetHints":{"allow":["GET"]}}],"collection":[{"href":"https:\/\/meiremendesjoias.com.br\/novo\/wp-json\/wp\/v2\/product"}],"about":[{"href":"https:\/\/meiremendesjoias.com.br\/novo\/wp-json\/wp\/v2\/types\/product"}],"replies":[{"embeddable":true,"href":"https:\/\/meiremendesjoias.com.br\/novo\/wp-json\/wp\/v2\/comments?post=514"}],"wp:featuredmedia":[{"embeddable":true,"href":"https:\/\/meiremendesjoias.com.br\/novo\/wp-json\/wp\/v2\/media\/571"}],"wp:attachment":[{"href":"https:\/\/meiremendesjoias.com.br\/novo\/wp-json\/wp\/v2\/media?parent=514"}],"wp:term":[{"taxonomy":"product_brand","embeddable":true,"href":"https:\/\/meiremendesjoias.com.br\/novo\/wp-json\/wp\/v2\/product_brand?post=514"},{"taxonomy":"product_cat","embeddable":true,"href":"https:\/\/meiremendesjoias.com.br\/novo\/wp-json\/wp\/v2\/product_cat?post=514"},{"taxonomy":"product_tag","embeddable":true,"href":"https:\/\/meiremendesjoias.com.br\/novo\/wp-json\/wp\/v2\/product_tag?post=514"}],"curies":[{"name":"wp","href":"https:\/\/api.w.org\/{rel}","templated":true}]}}