{"id":515,"date":"2023-11-30T17:45:23","date_gmt":"2023-11-30T20:45:23","guid":{"rendered":"https:\/\/meiremendesjoias.com.br\/novo\/?post_type=product&#038;p=515"},"modified":"2023-12-01T19:07:43","modified_gmt":"2023-12-01T22:07:43","slug":"pulseira-ajustavel-olho-grego","status":"publish","type":"product","link":"https:\/\/meiremendesjoias.com.br\/novo\/produto\/pulseira-ajustavel-olho-grego\/","title":{"rendered":"Pulseira Ajust\u00e1vel Olho Grego"},"content":{"rendered":"<p>Pulseira de prata 925, banhada a r\u00f3dio, ajust\u00e1vel, com olho grego.<br \/>\nOlho Grego: 1,0 cm de largura x 2,0 cm de comprimento.<br \/>\nAjust\u00e1vel at\u00e9 26 cm.<\/p>\n","protected":false},"excerpt":{"rendered":"<p>Pulseira de prata 925, banhada a r\u00f3dio, ajust\u00e1vel, com olho grego.<br \/>\nOlho Grego: 1,0 cm de largura x 2,0 cm de comprimento.<br \/>\nAjust\u00e1vel at\u00e9 26 cm.<\/p>\n","protected":false},"featured_media":572,"comment_status":"open","ping_status":"closed","template":"","meta":[],"product_brand":[],"product_cat":[146,17],"product_tag":[74,360,160,176,24,178,151],"class_list":{"0":"post-515","1":"product","2":"type-product","3":"status-publish","4":"has-post-thumbnail","6":"product_cat-pulseiras","7":"product_cat-sale","8":"product_tag-ajustavel","9":"product_tag-banhada-a-rodio","10":"product_tag-joias-em-prata","11":"product_tag-olho-grego","12":"product_tag-prata-925","13":"product_tag-protecao","14":"product_tag-pulseira","16":"first","17":"instock","18":"sale","19":"shipping-taxable","20":"purchasable","21":"product-type-simple"},"_links":{"self":[{"href":"https:\/\/meiremendesjoias.com.br\/novo\/wp-json\/wp\/v2\/product\/515","targetHints":{"allow":["GET"]}}],"collection":[{"href":"https:\/\/meiremendesjoias.com.br\/novo\/wp-json\/wp\/v2\/product"}],"about":[{"href":"https:\/\/meiremendesjoias.com.br\/novo\/wp-json\/wp\/v2\/types\/product"}],"replies":[{"embeddable":true,"href":"https:\/\/meiremendesjoias.com.br\/novo\/wp-json\/wp\/v2\/comments?post=515"}],"wp:featuredmedia":[{"embeddable":true,"href":"https:\/\/meiremendesjoias.com.br\/novo\/wp-json\/wp\/v2\/media\/572"}],"wp:attachment":[{"href":"https:\/\/meiremendesjoias.com.br\/novo\/wp-json\/wp\/v2\/media?parent=515"}],"wp:term":[{"taxonomy":"product_brand","embeddable":true,"href":"https:\/\/meiremendesjoias.com.br\/novo\/wp-json\/wp\/v2\/product_brand?post=515"},{"taxonomy":"product_cat","embeddable":true,"href":"https:\/\/meiremendesjoias.com.br\/novo\/wp-json\/wp\/v2\/product_cat?post=515"},{"taxonomy":"product_tag","embeddable":true,"href":"https:\/\/meiremendesjoias.com.br\/novo\/wp-json\/wp\/v2\/product_tag?post=515"}],"curies":[{"name":"wp","href":"https:\/\/api.w.org\/{rel}","templated":true}]}}