{"id":518,"date":"2023-11-30T17:45:23","date_gmt":"2023-11-30T20:45:23","guid":{"rendered":"https:\/\/meiremendesjoias.com.br\/novo\/?post_type=product&#038;p=518"},"modified":"2023-12-01T19:07:43","modified_gmt":"2023-12-01T22:07:43","slug":"pulseira-black","status":"publish","type":"product","link":"https:\/\/meiremendesjoias.com.br\/novo\/produto\/pulseira-black\/","title":{"rendered":"Pulseira Black"},"content":{"rendered":"","protected":false},"excerpt":{"rendered":"<p>Pulseira ajust\u00e1vel, banhada a r\u00f3dio black, com zirc\u00f4nias cravejadas nas cores esmeralda, negra e rubi.<br \/>\nAjust\u00e1vel de 12 cm at\u00e9 25 cm de comprimento.<\/p>\n","protected":false},"featured_media":576,"comment_status":"open","ping_status":"closed","template":"","meta":[],"product_brand":[],"product_cat":[146,17],"product_tag":[74,361,43,151,152,323,78,42],"class_list":{"0":"post-518","1":"product","2":"type-product","3":"status-publish","4":"has-post-thumbnail","6":"product_cat-pulseiras","7":"product_cat-sale","8":"product_tag-ajustavel","9":"product_tag-banhada-a-rodio-black","10":"product_tag-esmeralda","11":"product_tag-pulseira","12":"product_tag-pulseiras","13":"product_tag-rubi","14":"product_tag-zirconia","15":"product_tag-zirconias","17":"first","18":"instock","19":"sale","20":"shipping-taxable","21":"purchasable","22":"product-type-simple"},"_links":{"self":[{"href":"https:\/\/meiremendesjoias.com.br\/novo\/wp-json\/wp\/v2\/product\/518","targetHints":{"allow":["GET"]}}],"collection":[{"href":"https:\/\/meiremendesjoias.com.br\/novo\/wp-json\/wp\/v2\/product"}],"about":[{"href":"https:\/\/meiremendesjoias.com.br\/novo\/wp-json\/wp\/v2\/types\/product"}],"replies":[{"embeddable":true,"href":"https:\/\/meiremendesjoias.com.br\/novo\/wp-json\/wp\/v2\/comments?post=518"}],"wp:featuredmedia":[{"embeddable":true,"href":"https:\/\/meiremendesjoias.com.br\/novo\/wp-json\/wp\/v2\/media\/576"}],"wp:attachment":[{"href":"https:\/\/meiremendesjoias.com.br\/novo\/wp-json\/wp\/v2\/media?parent=518"}],"wp:term":[{"taxonomy":"product_brand","embeddable":true,"href":"https:\/\/meiremendesjoias.com.br\/novo\/wp-json\/wp\/v2\/product_brand?post=518"},{"taxonomy":"product_cat","embeddable":true,"href":"https:\/\/meiremendesjoias.com.br\/novo\/wp-json\/wp\/v2\/product_cat?post=518"},{"taxonomy":"product_tag","embeddable":true,"href":"https:\/\/meiremendesjoias.com.br\/novo\/wp-json\/wp\/v2\/product_tag?post=518"}],"curies":[{"name":"wp","href":"https:\/\/api.w.org\/{rel}","templated":true}]}}