{"id":553,"date":"2023-11-30T17:45:44","date_gmt":"2023-11-30T20:45:44","guid":{"rendered":"https:\/\/meiremendesjoias.com.br\/novo\/?post_type=product&#038;p=553"},"modified":"2023-12-01T19:07:42","modified_gmt":"2023-12-01T22:07:42","slug":"pulseira-perola-barroca","status":"publish","type":"product","link":"https:\/\/meiremendesjoias.com.br\/novo\/produto\/pulseira-perola-barroca\/","title":{"rendered":"Pulseira P\u00e9rola Barroca"},"content":{"rendered":"<p>Pulseira de el\u00e1stico de silicone, com entremeios banhados a ouro amarelo 18 k, com p\u00e9rolas barroca.<br \/>\nComprimento total: 15 cm.<\/p>\n","protected":false},"excerpt":{"rendered":"<p>Pulseira de el\u00e1stico de silicone, com entremeios banhados a ouro amarelo 18 k, com p\u00e9rolas barroca.<br \/>\nComprimento total: 15 cm.<\/p>\n","protected":false},"featured_media":587,"comment_status":"open","ping_status":"closed","template":"","meta":[],"product_brand":[],"product_cat":[146],"product_tag":[185,372,373,151],"class_list":{"0":"post-553","1":"product","2":"type-product","3":"status-publish","4":"has-post-thumbnail","6":"product_cat-pulseiras","7":"product_tag-banhada-a-ouro-amarelo-18-k","8":"product_tag-elastico-de-silicone","9":"product_tag-perolas-barroca","10":"product_tag-pulseira","12":"first","13":"instock","14":"shipping-taxable","15":"purchasable","16":"product-type-simple"},"_links":{"self":[{"href":"https:\/\/meiremendesjoias.com.br\/novo\/wp-json\/wp\/v2\/product\/553","targetHints":{"allow":["GET"]}}],"collection":[{"href":"https:\/\/meiremendesjoias.com.br\/novo\/wp-json\/wp\/v2\/product"}],"about":[{"href":"https:\/\/meiremendesjoias.com.br\/novo\/wp-json\/wp\/v2\/types\/product"}],"replies":[{"embeddable":true,"href":"https:\/\/meiremendesjoias.com.br\/novo\/wp-json\/wp\/v2\/comments?post=553"}],"wp:featuredmedia":[{"embeddable":true,"href":"https:\/\/meiremendesjoias.com.br\/novo\/wp-json\/wp\/v2\/media\/587"}],"wp:attachment":[{"href":"https:\/\/meiremendesjoias.com.br\/novo\/wp-json\/wp\/v2\/media?parent=553"}],"wp:term":[{"taxonomy":"product_brand","embeddable":true,"href":"https:\/\/meiremendesjoias.com.br\/novo\/wp-json\/wp\/v2\/product_brand?post=553"},{"taxonomy":"product_cat","embeddable":true,"href":"https:\/\/meiremendesjoias.com.br\/novo\/wp-json\/wp\/v2\/product_cat?post=553"},{"taxonomy":"product_tag","embeddable":true,"href":"https:\/\/meiremendesjoias.com.br\/novo\/wp-json\/wp\/v2\/product_tag?post=553"}],"curies":[{"name":"wp","href":"https:\/\/api.w.org\/{rel}","templated":true}]}}