{"id":556,"date":"2023-11-30T17:45:44","date_gmt":"2023-11-30T20:45:44","guid":{"rendered":"https:\/\/meiremendesjoias.com.br\/novo\/?post_type=product&#038;p=556"},"modified":"2025-02-23T11:41:43","modified_gmt":"2025-02-23T14:41:43","slug":"pulseira-perolas-chanel-inspired","status":"publish","type":"product","link":"https:\/\/meiremendesjoias.com.br\/novo\/produto\/pulseira-perolas-chanel-inspired\/","title":{"rendered":"Pulseira P\u00e9rolas Inspira\u00e7\u00e3o"},"content":{"rendered":"<p>Pulseira de p\u00e9rola shell, com entremeio Chanel Inspired, banhado a ouro amarelo 18 k, ou a r\u00f3dio, todo cravejado de micro zirc\u00f4nias. Escolha o seu!<br \/>\nComprimento: 19 cm, mais extensor.<\/p>\n","protected":false},"excerpt":{"rendered":"<p>Pulseira de p\u00e9rola shell, com entremeio Chanel Inspired, banhado a ouro amarelo 18 k, ou a r\u00f3dio, todo cravejado de micro zirc\u00f4nias. Escolha o seu!<br \/>\nComprimento: 19 cm, mais extensor.<\/p>\n","protected":false},"featured_media":592,"comment_status":"open","ping_status":"closed","template":"","meta":[],"product_brand":[],"product_cat":[146],"product_tag":[185,360,28,215,244,57,151,216],"class_list":{"0":"post-556","1":"product","2":"type-product","3":"status-publish","4":"has-post-thumbnail","6":"product_cat-pulseiras","7":"product_tag-banhada-a-ouro-amarelo-18-k","8":"product_tag-banhada-a-rodio","9":"product_tag-chanel-inspired","10":"product_tag-micro-zirconias","11":"product_tag-perola-shell","12":"product_tag-perolas","13":"product_tag-pulseira","14":"product_tag-replica","16":"first","17":"instock","18":"shipping-taxable","19":"purchasable","20":"product-type-simple"},"_links":{"self":[{"href":"https:\/\/meiremendesjoias.com.br\/novo\/wp-json\/wp\/v2\/product\/556","targetHints":{"allow":["GET"]}}],"collection":[{"href":"https:\/\/meiremendesjoias.com.br\/novo\/wp-json\/wp\/v2\/product"}],"about":[{"href":"https:\/\/meiremendesjoias.com.br\/novo\/wp-json\/wp\/v2\/types\/product"}],"replies":[{"embeddable":true,"href":"https:\/\/meiremendesjoias.com.br\/novo\/wp-json\/wp\/v2\/comments?post=556"}],"wp:featuredmedia":[{"embeddable":true,"href":"https:\/\/meiremendesjoias.com.br\/novo\/wp-json\/wp\/v2\/media\/592"}],"wp:attachment":[{"href":"https:\/\/meiremendesjoias.com.br\/novo\/wp-json\/wp\/v2\/media?parent=556"}],"wp:term":[{"taxonomy":"product_brand","embeddable":true,"href":"https:\/\/meiremendesjoias.com.br\/novo\/wp-json\/wp\/v2\/product_brand?post=556"},{"taxonomy":"product_cat","embeddable":true,"href":"https:\/\/meiremendesjoias.com.br\/novo\/wp-json\/wp\/v2\/product_cat?post=556"},{"taxonomy":"product_tag","embeddable":true,"href":"https:\/\/meiremendesjoias.com.br\/novo\/wp-json\/wp\/v2\/product_tag?post=556"}],"curies":[{"name":"wp","href":"https:\/\/api.w.org\/{rel}","templated":true}]}}