{"id":561,"date":"2023-11-30T17:45:45","date_gmt":"2023-11-30T20:45:45","guid":{"rendered":"https:\/\/meiremendesjoias.com.br\/novo\/?post_type=product&#038;p=561"},"modified":"2023-12-01T19:01:55","modified_gmt":"2023-12-01T22:01:55","slug":"bracelete-mantra","status":"publish","type":"product","link":"https:\/\/meiremendesjoias.com.br\/novo\/produto\/bracelete-mantra\/","title":{"rendered":"Bracelete Mantra"},"content":{"rendered":"<p>Bracelete r\u00edgido banhado a ouro amarelo 18 k, ou a r\u00f3dio, com pingente escrito entrego, confio, aceito e agrade\u00e7o.<br \/>\nComprimento total: 20 cm<br \/>\nDi\u00e2metro: 6,5 cm<br \/>\nEntre em contato por WhatsApp para verificar a disponibilidade do banho que deseja antes de finalizar a compra.<\/p>\n","protected":false},"excerpt":{"rendered":"<p>Bracelete r\u00edgido banhado a ouro amarelo 18 k, ou a r\u00f3dio, com pingente escrito entrego, confio, aceito e agrade\u00e7o.<br \/>\nComprimento total: 20 cm<br \/>\nDi\u00e2metro: 6,5 cm<br \/>\nEntre em contato por WhatsApp para verificar a disponibilidade do banho que deseja antes de finalizar a compra.<\/p>\n","protected":false},"featured_media":620,"comment_status":"open","ping_status":"closed","template":"","meta":[],"product_brand":[],"product_cat":[146],"product_tag":[382,383,188,147,384,385,386,151,152,107],"class_list":{"0":"post-561","1":"product","2":"type-product","3":"status-publish","4":"has-post-thumbnail","6":"product_cat-pulseiras","7":"product_tag-aceito","8":"product_tag-agradeco","9":"product_tag-banhada-a-ouro-18-k","10":"product_tag-bracelete","11":"product_tag-confio","12":"product_tag-entrego","13":"product_tag-mantra","14":"product_tag-pulseira","15":"product_tag-pulseiras","16":"product_tag-religioso","18":"first","19":"instock","20":"shipping-taxable","21":"purchasable","22":"product-type-simple"},"_links":{"self":[{"href":"https:\/\/meiremendesjoias.com.br\/novo\/wp-json\/wp\/v2\/product\/561","targetHints":{"allow":["GET"]}}],"collection":[{"href":"https:\/\/meiremendesjoias.com.br\/novo\/wp-json\/wp\/v2\/product"}],"about":[{"href":"https:\/\/meiremendesjoias.com.br\/novo\/wp-json\/wp\/v2\/types\/product"}],"replies":[{"embeddable":true,"href":"https:\/\/meiremendesjoias.com.br\/novo\/wp-json\/wp\/v2\/comments?post=561"}],"wp:featuredmedia":[{"embeddable":true,"href":"https:\/\/meiremendesjoias.com.br\/novo\/wp-json\/wp\/v2\/media\/620"}],"wp:attachment":[{"href":"https:\/\/meiremendesjoias.com.br\/novo\/wp-json\/wp\/v2\/media?parent=561"}],"wp:term":[{"taxonomy":"product_brand","embeddable":true,"href":"https:\/\/meiremendesjoias.com.br\/novo\/wp-json\/wp\/v2\/product_brand?post=561"},{"taxonomy":"product_cat","embeddable":true,"href":"https:\/\/meiremendesjoias.com.br\/novo\/wp-json\/wp\/v2\/product_cat?post=561"},{"taxonomy":"product_tag","embeddable":true,"href":"https:\/\/meiremendesjoias.com.br\/novo\/wp-json\/wp\/v2\/product_tag?post=561"}],"curies":[{"name":"wp","href":"https:\/\/api.w.org\/{rel}","templated":true}]}}