{"id":564,"date":"2023-11-30T17:45:45","date_gmt":"2023-11-30T20:45:45","guid":{"rendered":"https:\/\/meiremendesjoias.com.br\/novo\/?post_type=product&#038;p=564"},"modified":"2023-12-01T19:07:42","modified_gmt":"2023-12-01T22:07:42","slug":"pulseira-ajustavel-com-micro-cravacao","status":"publish","type":"product","link":"https:\/\/meiremendesjoias.com.br\/novo\/produto\/pulseira-ajustavel-com-micro-cravacao\/","title":{"rendered":"Pulseira Ajust\u00e1vel Com Micro Crava\u00e7\u00e3o"},"content":{"rendered":"<p>Pulseira de prata 925, banhada a ouro amarelo 18 k, com micro zirc\u00f4nias cravejadas e zirc\u00f4nias embutidas.<br \/>\nAjust\u00e1vel de 12 at\u00e9 25 cm de comprimento.<br \/>\nGarantia de seis meses contra defeitos de fabrica\u00e7\u00e3o.<\/p>\n","protected":false},"excerpt":{"rendered":"<p>Pulseira de prata 925, banhada a ouro amarelo 18 k, com micro zirc\u00f4nias cravejadas e zirc\u00f4nias embutidas.<br \/>\nAjust\u00e1vel de 12 at\u00e9 25 cm de comprimento.<br \/>\nGarantia de seis meses contra defeitos de fabrica\u00e7\u00e3o.<\/p>\n","protected":false},"featured_media":627,"comment_status":"open","ping_status":"closed","template":"","meta":[],"product_brand":[],"product_cat":[146],"product_tag":[74,188,388,24,151,152],"class_list":{"0":"post-564","1":"product","2":"type-product","3":"status-publish","4":"has-post-thumbnail","6":"product_cat-pulseiras","7":"product_tag-ajustavel","8":"product_tag-banhada-a-ouro-18-k","9":"product_tag-micro-ziconias-cravejadas","10":"product_tag-prata-925","11":"product_tag-pulseira","12":"product_tag-pulseiras","14":"first","15":"instock","16":"shipping-taxable","17":"purchasable","18":"product-type-simple"},"_links":{"self":[{"href":"https:\/\/meiremendesjoias.com.br\/novo\/wp-json\/wp\/v2\/product\/564","targetHints":{"allow":["GET"]}}],"collection":[{"href":"https:\/\/meiremendesjoias.com.br\/novo\/wp-json\/wp\/v2\/product"}],"about":[{"href":"https:\/\/meiremendesjoias.com.br\/novo\/wp-json\/wp\/v2\/types\/product"}],"replies":[{"embeddable":true,"href":"https:\/\/meiremendesjoias.com.br\/novo\/wp-json\/wp\/v2\/comments?post=564"}],"wp:featuredmedia":[{"embeddable":true,"href":"https:\/\/meiremendesjoias.com.br\/novo\/wp-json\/wp\/v2\/media\/627"}],"wp:attachment":[{"href":"https:\/\/meiremendesjoias.com.br\/novo\/wp-json\/wp\/v2\/media?parent=564"}],"wp:term":[{"taxonomy":"product_brand","embeddable":true,"href":"https:\/\/meiremendesjoias.com.br\/novo\/wp-json\/wp\/v2\/product_brand?post=564"},{"taxonomy":"product_cat","embeddable":true,"href":"https:\/\/meiremendesjoias.com.br\/novo\/wp-json\/wp\/v2\/product_cat?post=564"},{"taxonomy":"product_tag","embeddable":true,"href":"https:\/\/meiremendesjoias.com.br\/novo\/wp-json\/wp\/v2\/product_tag?post=564"}],"curies":[{"name":"wp","href":"https:\/\/api.w.org\/{rel}","templated":true}]}}