{"id":568,"date":"2023-11-30T17:45:45","date_gmt":"2023-11-30T20:45:45","guid":{"rendered":"https:\/\/meiremendesjoias.com.br\/novo\/?post_type=product&#038;p=568"},"modified":"2023-12-01T19:07:42","modified_gmt":"2023-12-01T22:07:42","slug":"pulseira-coracao","status":"publish","type":"product","link":"https:\/\/meiremendesjoias.com.br\/novo\/produto\/pulseira-coracao\/","title":{"rendered":"Pulseira Cora\u00e7\u00e3o"},"content":{"rendered":"<p>Pulseira de malha trabalhada e com pingente cora\u00e7\u00e3o, banhada a ouro amarelo 18 k.<br \/>\nTamanho: 19 cm de comprimento, mais extensor que chega at\u00e9 25 cm.<br \/>\nLargura da pulseira: 0,7 cm.<br \/>\nCora\u00e7\u00e3o: 3,0 cm de largura x 3,0 cm de altura.<\/p>\n","protected":false},"excerpt":{"rendered":"<p>Pulseira de malha trabalhada e com pingente cora\u00e7\u00e3o, banhada a ouro amarelo 18 k.<br \/>\nTamanho: 19 cm de comprimento, mais extensor que chega at\u00e9 25 cm.<br \/>\nLargura da pulseira: 0,7 cm.<br \/>\nCora\u00e7\u00e3o: 3,0 cm de largura x 3,0 cm de altura.<\/p>\n","protected":false},"featured_media":632,"comment_status":"open","ping_status":"closed","template":"","meta":[],"product_brand":[],"product_cat":[146,17],"product_tag":[392,188,29,393,151,152],"class_list":{"0":"post-568","1":"product","2":"type-product","3":"status-publish","4":"has-post-thumbnail","6":"product_cat-pulseiras","7":"product_cat-sale","8":"product_tag-amor","9":"product_tag-banhada-a-ouro-18-k","10":"product_tag-coracao","11":"product_tag-love","12":"product_tag-pulseira","13":"product_tag-pulseiras","15":"first","16":"instock","17":"sale","18":"shipping-taxable","19":"purchasable","20":"product-type-simple"},"_links":{"self":[{"href":"https:\/\/meiremendesjoias.com.br\/novo\/wp-json\/wp\/v2\/product\/568","targetHints":{"allow":["GET"]}}],"collection":[{"href":"https:\/\/meiremendesjoias.com.br\/novo\/wp-json\/wp\/v2\/product"}],"about":[{"href":"https:\/\/meiremendesjoias.com.br\/novo\/wp-json\/wp\/v2\/types\/product"}],"replies":[{"embeddable":true,"href":"https:\/\/meiremendesjoias.com.br\/novo\/wp-json\/wp\/v2\/comments?post=568"}],"wp:featuredmedia":[{"embeddable":true,"href":"https:\/\/meiremendesjoias.com.br\/novo\/wp-json\/wp\/v2\/media\/632"}],"wp:attachment":[{"href":"https:\/\/meiremendesjoias.com.br\/novo\/wp-json\/wp\/v2\/media?parent=568"}],"wp:term":[{"taxonomy":"product_brand","embeddable":true,"href":"https:\/\/meiremendesjoias.com.br\/novo\/wp-json\/wp\/v2\/product_brand?post=568"},{"taxonomy":"product_cat","embeddable":true,"href":"https:\/\/meiremendesjoias.com.br\/novo\/wp-json\/wp\/v2\/product_cat?post=568"},{"taxonomy":"product_tag","embeddable":true,"href":"https:\/\/meiremendesjoias.com.br\/novo\/wp-json\/wp\/v2\/product_tag?post=568"}],"curies":[{"name":"wp","href":"https:\/\/api.w.org\/{rel}","templated":true}]}}