{"id":642,"date":"2023-11-30T17:46:27","date_gmt":"2023-11-30T20:46:27","guid":{"rendered":"https:\/\/meiremendesjoias.com.br\/novo\/?post_type=product&#038;p=642"},"modified":"2023-12-01T19:05:02","modified_gmt":"2023-12-01T22:05:02","slug":"colar-elo-portugues-pingente-perola-barroca","status":"publish","type":"product","link":"https:\/\/meiremendesjoias.com.br\/novo\/produto\/colar-elo-portugues-pingente-perola-barroca\/","title":{"rendered":"Colar Elo Portugu\u00eas Pingente P\u00e9rola Barroca"},"content":{"rendered":"<p>Colar de elo portugu\u00eas e pingente de p\u00e9rolas barroca, banhado a ouro amarelo 18 k.<br \/>\nComprimento: 50 cm.<br \/>\nPingente: 1,5 cm de largura x 4,5 cm de altura<\/p>\n<p>ATEN\u00c7\u00c3O! As p\u00e9rolas nunca ser\u00e3o do mesmo tamanho e tonalidade.<\/p>\n","protected":false},"excerpt":{"rendered":"<p>Colar de elo portugu\u00eas e pingente de p\u00e9rolas barroca, banhado a ouro amarelo 18 k.<br \/>\nComprimento: 50 cm.<br \/>\nPingente: 1,5 cm de largura x 4,5 cm de altura<\/p>\n<p>ATEN\u00c7\u00c3O! As p\u00e9rolas nunca ser\u00e3o do mesmo tamanho e tonalidade.<\/p>\n","protected":false},"featured_media":682,"comment_status":"open","ping_status":"closed","template":"","meta":[],"product_brand":[],"product_cat":[170],"product_tag":[27,172,175,413,375],"class_list":{"0":"post-642","1":"product","2":"type-product","3":"status-publish","4":"has-post-thumbnail","6":"product_cat-colares","7":"product_tag-banhado-a-ouro-amarelo-18-k","8":"product_tag-colar","9":"product_tag-colares","10":"product_tag-elo-portugues","11":"product_tag-perola-barroca","13":"first","14":"instock","15":"shipping-taxable","16":"purchasable","17":"product-type-simple"},"_links":{"self":[{"href":"https:\/\/meiremendesjoias.com.br\/novo\/wp-json\/wp\/v2\/product\/642","targetHints":{"allow":["GET"]}}],"collection":[{"href":"https:\/\/meiremendesjoias.com.br\/novo\/wp-json\/wp\/v2\/product"}],"about":[{"href":"https:\/\/meiremendesjoias.com.br\/novo\/wp-json\/wp\/v2\/types\/product"}],"replies":[{"embeddable":true,"href":"https:\/\/meiremendesjoias.com.br\/novo\/wp-json\/wp\/v2\/comments?post=642"}],"wp:featuredmedia":[{"embeddable":true,"href":"https:\/\/meiremendesjoias.com.br\/novo\/wp-json\/wp\/v2\/media\/682"}],"wp:attachment":[{"href":"https:\/\/meiremendesjoias.com.br\/novo\/wp-json\/wp\/v2\/media?parent=642"}],"wp:term":[{"taxonomy":"product_brand","embeddable":true,"href":"https:\/\/meiremendesjoias.com.br\/novo\/wp-json\/wp\/v2\/product_brand?post=642"},{"taxonomy":"product_cat","embeddable":true,"href":"https:\/\/meiremendesjoias.com.br\/novo\/wp-json\/wp\/v2\/product_cat?post=642"},{"taxonomy":"product_tag","embeddable":true,"href":"https:\/\/meiremendesjoias.com.br\/novo\/wp-json\/wp\/v2\/product_tag?post=642"}],"curies":[{"name":"wp","href":"https:\/\/api.w.org\/{rel}","templated":true}]}}