{"id":653,"date":"2023-11-30T17:46:28","date_gmt":"2023-11-30T20:46:28","guid":{"rendered":"https:\/\/meiremendesjoias.com.br\/novo\/?post_type=product&#038;p=653"},"modified":"2023-12-01T19:05:02","modified_gmt":"2023-12-01T22:05:02","slug":"colar-longo-perolas","status":"publish","type":"product","link":"https:\/\/meiremendesjoias.com.br\/novo\/produto\/colar-longo-perolas\/","title":{"rendered":"Colar Longo P\u00e9rolas"},"content":{"rendered":"<p>Colar longo de p\u00e9rolas, madrep\u00e9rolas, banhado a r\u00f3dio black.<br \/>\nComprimento: 80 cm, mais extensor que chega at\u00e9 88 cm.<\/p>\n","protected":false},"excerpt":{"rendered":"<p>Colar longo de p\u00e9rolas, madrep\u00e9rolas, banhado a r\u00f3dio black.<br \/>\nComprimento: 80 cm, mais extensor que chega at\u00e9 88 cm.<\/p>\n","protected":false},"featured_media":725,"comment_status":"open","ping_status":"closed","template":"","meta":[],"product_brand":[],"product_cat":[170,17],"product_tag":[420,172,206,175,421,57],"class_list":{"0":"post-653","1":"product","2":"type-product","3":"status-publish","4":"has-post-thumbnail","6":"product_cat-colares","7":"product_cat-sale","8":"product_tag-banhado-rodio-black","9":"product_tag-colar","10":"product_tag-colar-longo","11":"product_tag-colares","12":"product_tag-madreperolas","13":"product_tag-perolas","15":"first","16":"instock","17":"sale","18":"shipping-taxable","19":"purchasable","20":"product-type-simple"},"_links":{"self":[{"href":"https:\/\/meiremendesjoias.com.br\/novo\/wp-json\/wp\/v2\/product\/653","targetHints":{"allow":["GET"]}}],"collection":[{"href":"https:\/\/meiremendesjoias.com.br\/novo\/wp-json\/wp\/v2\/product"}],"about":[{"href":"https:\/\/meiremendesjoias.com.br\/novo\/wp-json\/wp\/v2\/types\/product"}],"replies":[{"embeddable":true,"href":"https:\/\/meiremendesjoias.com.br\/novo\/wp-json\/wp\/v2\/comments?post=653"}],"wp:featuredmedia":[{"embeddable":true,"href":"https:\/\/meiremendesjoias.com.br\/novo\/wp-json\/wp\/v2\/media\/725"}],"wp:attachment":[{"href":"https:\/\/meiremendesjoias.com.br\/novo\/wp-json\/wp\/v2\/media?parent=653"}],"wp:term":[{"taxonomy":"product_brand","embeddable":true,"href":"https:\/\/meiremendesjoias.com.br\/novo\/wp-json\/wp\/v2\/product_brand?post=653"},{"taxonomy":"product_cat","embeddable":true,"href":"https:\/\/meiremendesjoias.com.br\/novo\/wp-json\/wp\/v2\/product_cat?post=653"},{"taxonomy":"product_tag","embeddable":true,"href":"https:\/\/meiremendesjoias.com.br\/novo\/wp-json\/wp\/v2\/product_tag?post=653"}],"curies":[{"name":"wp","href":"https:\/\/api.w.org\/{rel}","templated":true}]}}