{"id":654,"date":"2023-11-30T17:46:28","date_gmt":"2023-11-30T20:46:28","guid":{"rendered":"https:\/\/meiremendesjoias.com.br\/novo\/?post_type=product&#038;p=654"},"modified":"2026-02-06T12:53:21","modified_gmt":"2026-02-06T15:53:21","slug":"colar-longo-perolas-chanel-inspired","status":"publish","type":"product","link":"https:\/\/meiremendesjoias.com.br\/novo\/produto\/colar-longo-perolas-chanel-inspired\/","title":{"rendered":"Colar Longo P\u00e9rolas Inspira\u00e7\u00e3o"},"content":{"rendered":"<p>Colar longo de p\u00e9rola Shell, com entremeio Chanel Inspired, banhado a ouro amarelo 18 k, todo cravejado de micro zirc\u00f4nias.<br \/>\nComprimento total: 100 cm.<\/p>\n<p>P\u00e9rola Shell \u00e9 feita de um substrato de porcelana com madrep\u00e9rola natural e recebe uma esmalta\u00e7\u00e3o de alta qualidade, que leva em sua composi\u00e7\u00e3o o n\u00e1car de p\u00e9rolas naturais mo\u00eddo.<\/p>\n","protected":false},"excerpt":{"rendered":"<p>Colar longo de p\u00e9rola Shell, com entremeio Chanel Inspired, banhado a ouro amarelo 18 k, todo cravejado de micro zirc\u00f4nias.<br \/>\nComprimento total: 100 cm.<\/p>\n<p>P\u00e9rola Shell \u00e9 feita de um substrato de porcelana com madrep\u00e9rola natural e recebe uma esmalta\u00e7\u00e3o de alta qualidade, que leva em sua composi\u00e7\u00e3o o n\u00e1car de p\u00e9rolas naturais mo\u00eddo.<\/p>\n","protected":false},"featured_media":726,"comment_status":"open","ping_status":"closed","template":"","meta":[],"product_brand":[],"product_cat":[170],"product_tag":[27,28,172,206,175,215,244,216],"class_list":{"0":"post-654","1":"product","2":"type-product","3":"status-publish","4":"has-post-thumbnail","6":"product_cat-colares","7":"product_tag-banhado-a-ouro-amarelo-18-k","8":"product_tag-chanel-inspired","9":"product_tag-colar","10":"product_tag-colar-longo","11":"product_tag-colares","12":"product_tag-micro-zirconias","13":"product_tag-perola-shell","14":"product_tag-replica","16":"first","17":"outofstock","18":"shipping-taxable","19":"purchasable","20":"product-type-simple"},"_links":{"self":[{"href":"https:\/\/meiremendesjoias.com.br\/novo\/wp-json\/wp\/v2\/product\/654","targetHints":{"allow":["GET"]}}],"collection":[{"href":"https:\/\/meiremendesjoias.com.br\/novo\/wp-json\/wp\/v2\/product"}],"about":[{"href":"https:\/\/meiremendesjoias.com.br\/novo\/wp-json\/wp\/v2\/types\/product"}],"replies":[{"embeddable":true,"href":"https:\/\/meiremendesjoias.com.br\/novo\/wp-json\/wp\/v2\/comments?post=654"}],"wp:featuredmedia":[{"embeddable":true,"href":"https:\/\/meiremendesjoias.com.br\/novo\/wp-json\/wp\/v2\/media\/726"}],"wp:attachment":[{"href":"https:\/\/meiremendesjoias.com.br\/novo\/wp-json\/wp\/v2\/media?parent=654"}],"wp:term":[{"taxonomy":"product_brand","embeddable":true,"href":"https:\/\/meiremendesjoias.com.br\/novo\/wp-json\/wp\/v2\/product_brand?post=654"},{"taxonomy":"product_cat","embeddable":true,"href":"https:\/\/meiremendesjoias.com.br\/novo\/wp-json\/wp\/v2\/product_cat?post=654"},{"taxonomy":"product_tag","embeddable":true,"href":"https:\/\/meiremendesjoias.com.br\/novo\/wp-json\/wp\/v2\/product_tag?post=654"}],"curies":[{"name":"wp","href":"https:\/\/api.w.org\/{rel}","templated":true}]}}