{"id":655,"date":"2023-11-30T17:46:28","date_gmt":"2023-11-30T20:46:28","guid":{"rendered":"https:\/\/meiremendesjoias.com.br\/novo\/?post_type=product&#038;p=655"},"modified":"2023-12-01T19:05:02","modified_gmt":"2023-12-01T22:05:02","slug":"colar-longo-perolas-coracao-relicario","status":"publish","type":"product","link":"https:\/\/meiremendesjoias.com.br\/novo\/produto\/colar-longo-perolas-coracao-relicario\/","title":{"rendered":"Colar Longo P\u00e9rolas Cora\u00e7\u00e3o Relic\u00e1rio"},"content":{"rendered":"<p>Colar longo de p\u00e9rolas, banhado a ouro amarelo 18 k, com pingente de cora\u00e7\u00e3o relic\u00e1rio. Pode ser usado com uma ou duas voltas e tamb\u00e9m como pulseira.<br \/>\nComprimento: 80 cm.<br \/>\nCora\u00e7\u00e3o: 3,0 cm de largura x 3,0 cm de altura, aproximadamente.<\/p>\n","protected":false},"excerpt":{"rendered":"<p>Colar longo de p\u00e9rolas, banhado a ouro amarelo 18 k, com pingente de cora\u00e7\u00e3o relic\u00e1rio. Pode ser usado com uma ou duas voltas e tamb\u00e9m como pulseira.<br \/>\nComprimento: 80 cm.<br \/>\nCora\u00e7\u00e3o: 3,0 cm de largura x 3,0 cm de altura, aproximadamente.<\/p>\n","protected":false},"featured_media":741,"comment_status":"open","ping_status":"closed","template":"","meta":[],"product_brand":[],"product_cat":[170],"product_tag":[27,172,206,175,29,57,218],"class_list":{"0":"post-655","1":"product","2":"type-product","3":"status-publish","4":"has-post-thumbnail","6":"product_cat-colares","7":"product_tag-banhado-a-ouro-amarelo-18-k","8":"product_tag-colar","9":"product_tag-colar-longo","10":"product_tag-colares","11":"product_tag-coracao","12":"product_tag-perolas","13":"product_tag-relicario","15":"first","16":"instock","17":"shipping-taxable","18":"purchasable","19":"product-type-simple"},"_links":{"self":[{"href":"https:\/\/meiremendesjoias.com.br\/novo\/wp-json\/wp\/v2\/product\/655","targetHints":{"allow":["GET"]}}],"collection":[{"href":"https:\/\/meiremendesjoias.com.br\/novo\/wp-json\/wp\/v2\/product"}],"about":[{"href":"https:\/\/meiremendesjoias.com.br\/novo\/wp-json\/wp\/v2\/types\/product"}],"replies":[{"embeddable":true,"href":"https:\/\/meiremendesjoias.com.br\/novo\/wp-json\/wp\/v2\/comments?post=655"}],"wp:featuredmedia":[{"embeddable":true,"href":"https:\/\/meiremendesjoias.com.br\/novo\/wp-json\/wp\/v2\/media\/741"}],"wp:attachment":[{"href":"https:\/\/meiremendesjoias.com.br\/novo\/wp-json\/wp\/v2\/media?parent=655"}],"wp:term":[{"taxonomy":"product_brand","embeddable":true,"href":"https:\/\/meiremendesjoias.com.br\/novo\/wp-json\/wp\/v2\/product_brand?post=655"},{"taxonomy":"product_cat","embeddable":true,"href":"https:\/\/meiremendesjoias.com.br\/novo\/wp-json\/wp\/v2\/product_cat?post=655"},{"taxonomy":"product_tag","embeddable":true,"href":"https:\/\/meiremendesjoias.com.br\/novo\/wp-json\/wp\/v2\/product_tag?post=655"}],"curies":[{"name":"wp","href":"https:\/\/api.w.org\/{rel}","templated":true}]}}