{"id":695,"date":"2023-11-30T17:46:50","date_gmt":"2023-11-30T20:46:50","guid":{"rendered":"https:\/\/meiremendesjoias.com.br\/novo\/?post_type=product&#038;p=695"},"modified":"2025-02-23T11:38:27","modified_gmt":"2025-02-23T14:38:27","slug":"colar-perolas-chanel-inspired","status":"publish","type":"product","link":"https:\/\/meiremendesjoias.com.br\/novo\/produto\/colar-perolas-chanel-inspired\/","title":{"rendered":"Colar P\u00e9rolas Inspira\u00e7\u00e3o"},"content":{"rendered":"","protected":false},"excerpt":{"rendered":"<p>Colar de p\u00e9rola shell, com entremeio Chanel Inspired, banhado a ouro amarelo 18 k, ou a r\u00f3dio, todo cravejado de micro zirc\u00f4nias. Escolha o seu!<br \/>\nComprimento: 49 cm, mais extensor.<\/p>\n","protected":false},"featured_media":761,"comment_status":"open","ping_status":"closed","template":"","meta":[],"product_brand":[],"product_cat":[170],"product_tag":[27,22,28,172,175,215,244,57,216],"class_list":{"0":"post-695","1":"product","2":"type-product","3":"status-publish","4":"has-post-thumbnail","6":"product_cat-colares","7":"product_tag-banhado-a-ouro-amarelo-18-k","8":"product_tag-banhado-a-rodio","9":"product_tag-chanel-inspired","10":"product_tag-colar","11":"product_tag-colares","12":"product_tag-micro-zirconias","13":"product_tag-perola-shell","14":"product_tag-perolas","15":"product_tag-replica","17":"first","18":"instock","19":"shipping-taxable","20":"purchasable","21":"product-type-simple"},"_links":{"self":[{"href":"https:\/\/meiremendesjoias.com.br\/novo\/wp-json\/wp\/v2\/product\/695","targetHints":{"allow":["GET"]}}],"collection":[{"href":"https:\/\/meiremendesjoias.com.br\/novo\/wp-json\/wp\/v2\/product"}],"about":[{"href":"https:\/\/meiremendesjoias.com.br\/novo\/wp-json\/wp\/v2\/types\/product"}],"replies":[{"embeddable":true,"href":"https:\/\/meiremendesjoias.com.br\/novo\/wp-json\/wp\/v2\/comments?post=695"}],"wp:featuredmedia":[{"embeddable":true,"href":"https:\/\/meiremendesjoias.com.br\/novo\/wp-json\/wp\/v2\/media\/761"}],"wp:attachment":[{"href":"https:\/\/meiremendesjoias.com.br\/novo\/wp-json\/wp\/v2\/media?parent=695"}],"wp:term":[{"taxonomy":"product_brand","embeddable":true,"href":"https:\/\/meiremendesjoias.com.br\/novo\/wp-json\/wp\/v2\/product_brand?post=695"},{"taxonomy":"product_cat","embeddable":true,"href":"https:\/\/meiremendesjoias.com.br\/novo\/wp-json\/wp\/v2\/product_cat?post=695"},{"taxonomy":"product_tag","embeddable":true,"href":"https:\/\/meiremendesjoias.com.br\/novo\/wp-json\/wp\/v2\/product_tag?post=695"}],"curies":[{"name":"wp","href":"https:\/\/api.w.org\/{rel}","templated":true}]}}