{"id":733,"date":"2023-11-30T17:47:11","date_gmt":"2023-11-30T20:47:11","guid":{"rendered":"https:\/\/meiremendesjoias.com.br\/novo\/?post_type=product&#038;p=733"},"modified":"2023-12-01T19:05:00","modified_gmt":"2023-12-01T22:05:00","slug":"escapulario-agata-pequeno-principe","status":"publish","type":"product","link":"https:\/\/meiremendesjoias.com.br\/novo\/produto\/escapulario-agata-pequeno-principe\/","title":{"rendered":"Escapul\u00e1rio \u00c1gata Pequeno Pr\u00edncipe"},"content":{"rendered":"<p>Escapul\u00e1rio banhado a r\u00f3dio, com Pequeno Pr\u00edncipe esculpido em pedra \u00e1gata azul, cravejado de micro zirc\u00f4nias a volta toda.<br \/>\nComprimento total: 72 cm<br \/>\nMedalhas: 1,8 cm de largura x 2,5 de altura<\/p>\n","protected":false},"excerpt":{"rendered":"<p>Escapul\u00e1rio banhado a r\u00f3dio, com Pequeno Pr\u00edncipe esculpido em pedra \u00e1gata azul, cravejado de micro zirc\u00f4nias a volta toda.<br \/>\nComprimento total: 72 cm<br \/>\nMedalhas: 1,8 cm de largura x 2,5 de altura<\/p>\n","protected":false},"featured_media":792,"comment_status":"open","ping_status":"closed","template":"","meta":[],"product_brand":[],"product_cat":[170],"product_tag":[439,22,175,437,41,163,440],"class_list":{"0":"post-733","1":"product","2":"type-product","3":"status-publish","4":"has-post-thumbnail","6":"product_cat-colares","7":"product_tag-agata-azul","8":"product_tag-banhado-a-rodio","9":"product_tag-colares","10":"product_tag-escapulario","11":"product_tag-micro-cravacao","12":"product_tag-pedra-natural","13":"product_tag-pequeno-principe","15":"first","16":"instock","17":"shipping-taxable","18":"purchasable","19":"product-type-simple"},"_links":{"self":[{"href":"https:\/\/meiremendesjoias.com.br\/novo\/wp-json\/wp\/v2\/product\/733","targetHints":{"allow":["GET"]}}],"collection":[{"href":"https:\/\/meiremendesjoias.com.br\/novo\/wp-json\/wp\/v2\/product"}],"about":[{"href":"https:\/\/meiremendesjoias.com.br\/novo\/wp-json\/wp\/v2\/types\/product"}],"replies":[{"embeddable":true,"href":"https:\/\/meiremendesjoias.com.br\/novo\/wp-json\/wp\/v2\/comments?post=733"}],"wp:featuredmedia":[{"embeddable":true,"href":"https:\/\/meiremendesjoias.com.br\/novo\/wp-json\/wp\/v2\/media\/792"}],"wp:attachment":[{"href":"https:\/\/meiremendesjoias.com.br\/novo\/wp-json\/wp\/v2\/media?parent=733"}],"wp:term":[{"taxonomy":"product_brand","embeddable":true,"href":"https:\/\/meiremendesjoias.com.br\/novo\/wp-json\/wp\/v2\/product_brand?post=733"},{"taxonomy":"product_cat","embeddable":true,"href":"https:\/\/meiremendesjoias.com.br\/novo\/wp-json\/wp\/v2\/product_cat?post=733"},{"taxonomy":"product_tag","embeddable":true,"href":"https:\/\/meiremendesjoias.com.br\/novo\/wp-json\/wp\/v2\/product_tag?post=733"}],"curies":[{"name":"wp","href":"https:\/\/api.w.org\/{rel}","templated":true}]}}