{"id":734,"date":"2023-11-30T17:47:11","date_gmt":"2023-11-30T20:47:11","guid":{"rendered":"https:\/\/meiremendesjoias.com.br\/novo\/?post_type=product&#038;p=734"},"modified":"2023-12-01T19:05:00","modified_gmt":"2023-12-01T22:05:00","slug":"escapulario-retangular","status":"publish","type":"product","link":"https:\/\/meiremendesjoias.com.br\/novo\/produto\/escapulario-retangular\/","title":{"rendered":"Escapul\u00e1rio Retangular"},"content":{"rendered":"<p>Escapul\u00e1rio de prata 925, banhado a r\u00f3dio, duas medalhas retangulares.<br \/>\nComprimento total: 72 cm<br \/>\nMedalhas: 1,0 cm de largura x 1,3 de altura<\/p>\n","protected":false},"excerpt":{"rendered":"<p>Escapul\u00e1rio de prata 925, banhado a r\u00f3dio, duas medalhas retangulares.<br \/>\nComprimento total: 72 cm<br \/>\nMedalhas: 1,0 cm de largura x 1,3 de altura<\/p>\n","protected":false},"featured_media":794,"comment_status":"open","ping_status":"closed","template":"","meta":[],"product_brand":[],"product_cat":[170],"product_tag":[22,175,437,149,66,405,24,107],"class_list":{"0":"post-734","1":"product","2":"type-product","3":"status-publish","4":"has-post-thumbnail","6":"product_cat-colares","7":"product_tag-banhado-a-rodio","8":"product_tag-colares","9":"product_tag-escapulario","10":"product_tag-feminino","11":"product_tag-masculino","12":"product_tag-medalha","13":"product_tag-prata-925","14":"product_tag-religioso","16":"first","17":"instock","18":"shipping-taxable","19":"purchasable","20":"product-type-simple"},"_links":{"self":[{"href":"https:\/\/meiremendesjoias.com.br\/novo\/wp-json\/wp\/v2\/product\/734","targetHints":{"allow":["GET"]}}],"collection":[{"href":"https:\/\/meiremendesjoias.com.br\/novo\/wp-json\/wp\/v2\/product"}],"about":[{"href":"https:\/\/meiremendesjoias.com.br\/novo\/wp-json\/wp\/v2\/types\/product"}],"replies":[{"embeddable":true,"href":"https:\/\/meiremendesjoias.com.br\/novo\/wp-json\/wp\/v2\/comments?post=734"}],"wp:featuredmedia":[{"embeddable":true,"href":"https:\/\/meiremendesjoias.com.br\/novo\/wp-json\/wp\/v2\/media\/794"}],"wp:attachment":[{"href":"https:\/\/meiremendesjoias.com.br\/novo\/wp-json\/wp\/v2\/media?parent=734"}],"wp:term":[{"taxonomy":"product_brand","embeddable":true,"href":"https:\/\/meiremendesjoias.com.br\/novo\/wp-json\/wp\/v2\/product_brand?post=734"},{"taxonomy":"product_cat","embeddable":true,"href":"https:\/\/meiremendesjoias.com.br\/novo\/wp-json\/wp\/v2\/product_cat?post=734"},{"taxonomy":"product_tag","embeddable":true,"href":"https:\/\/meiremendesjoias.com.br\/novo\/wp-json\/wp\/v2\/product_tag?post=734"}],"curies":[{"name":"wp","href":"https:\/\/api.w.org\/{rel}","templated":true}]}}