{"id":735,"date":"2023-11-30T17:47:12","date_gmt":"2023-11-30T20:47:12","guid":{"rendered":"https:\/\/meiremendesjoias.com.br\/novo\/?post_type=product&#038;p=735"},"modified":"2023-12-01T19:04:59","modified_gmt":"2023-12-01T22:04:59","slug":"escapulario-sao-jorge","status":"publish","type":"product","link":"https:\/\/meiremendesjoias.com.br\/novo\/produto\/escapulario-sao-jorge\/","title":{"rendered":"Escapul\u00e1rio S\u00e3o Jorge"},"content":{"rendered":"<p>Escapul\u00e1rio S\u00e3o Jorge em prata 925, com imagem e ora\u00e7\u00e3o.<br \/>\nComprimento total: 60 cm<br \/>\nMedalha: 1,5 cm x 1,2 cm<\/p>\n","protected":false},"excerpt":{"rendered":"<p>Escapul\u00e1rio S\u00e3o Jorge em prata 925, com imagem e ora\u00e7\u00e3o.<br \/>\nComprimento total: 60 cm<br \/>\nMedalha: 1,5 cm x 1,2 cm<\/p>\n","protected":false},"featured_media":795,"comment_status":"open","ping_status":"closed","template":"","meta":[],"product_brand":[],"product_cat":[170],"product_tag":[437,68,441,442,24,107,443],"class_list":{"0":"post-735","1":"product","2":"type-product","3":"status-publish","4":"has-post-thumbnail","6":"product_cat-colares","7":"product_tag-escapulario","8":"product_tag-imagem-sao-jorge","9":"product_tag-joia-em-prata","10":"product_tag-oracao","11":"product_tag-prata-925","12":"product_tag-religioso","13":"product_tag-unisex","15":"first","16":"instock","17":"shipping-taxable","18":"purchasable","19":"product-type-simple"},"_links":{"self":[{"href":"https:\/\/meiremendesjoias.com.br\/novo\/wp-json\/wp\/v2\/product\/735","targetHints":{"allow":["GET"]}}],"collection":[{"href":"https:\/\/meiremendesjoias.com.br\/novo\/wp-json\/wp\/v2\/product"}],"about":[{"href":"https:\/\/meiremendesjoias.com.br\/novo\/wp-json\/wp\/v2\/types\/product"}],"replies":[{"embeddable":true,"href":"https:\/\/meiremendesjoias.com.br\/novo\/wp-json\/wp\/v2\/comments?post=735"}],"wp:featuredmedia":[{"embeddable":true,"href":"https:\/\/meiremendesjoias.com.br\/novo\/wp-json\/wp\/v2\/media\/795"}],"wp:attachment":[{"href":"https:\/\/meiremendesjoias.com.br\/novo\/wp-json\/wp\/v2\/media?parent=735"}],"wp:term":[{"taxonomy":"product_brand","embeddable":true,"href":"https:\/\/meiremendesjoias.com.br\/novo\/wp-json\/wp\/v2\/product_brand?post=735"},{"taxonomy":"product_cat","embeddable":true,"href":"https:\/\/meiremendesjoias.com.br\/novo\/wp-json\/wp\/v2\/product_cat?post=735"},{"taxonomy":"product_tag","embeddable":true,"href":"https:\/\/meiremendesjoias.com.br\/novo\/wp-json\/wp\/v2\/product_tag?post=735"}],"curies":[{"name":"wp","href":"https:\/\/api.w.org\/{rel}","templated":true}]}}