{"id":738,"date":"2023-11-30T17:47:12","date_gmt":"2023-11-30T20:47:12","guid":{"rendered":"https:\/\/meiremendesjoias.com.br\/novo\/?post_type=product&#038;p=738"},"modified":"2023-12-01T19:05:00","modified_gmt":"2023-12-01T22:05:00","slug":"gargantilha-coracao-fusion-turmalina-2","status":"publish","type":"product","link":"https:\/\/meiremendesjoias.com.br\/novo\/produto\/gargantilha-coracao-fusion-turmalina-2\/","title":{"rendered":"Gargantilha Cora\u00e7\u00e3o Fusion Turmalina"},"content":{"rendered":"<p>Gargantilha banhada a ouro amarelo 18 k e pingente de cora\u00e7\u00e3o fusion turmalina, cravejado de zirc\u00f4nias rainbow (colorida) a volta toda.<br \/>\nComprimento: 50 cm, mais extensor que chega at\u00e9 55 cm.<br \/>\nCora\u00e7\u00e3o: 2,0 cm de largura x 2,0 cm de altura<\/p>\n","protected":false},"excerpt":{"rendered":"<p>Gargantilha banhada a ouro amarelo 18 k e pingente de cora\u00e7\u00e3o fusion turmalina, cravejado de zirc\u00f4nias rainbow (colorida) a volta toda.<br \/>\nComprimento: 50 cm, mais extensor que chega at\u00e9 55 cm.<br \/>\nCora\u00e7\u00e3o: 2,0 cm de largura x 2,0 cm de altura<\/p>\n","protected":false},"featured_media":801,"comment_status":"open","ping_status":"closed","template":"","meta":[],"product_brand":[],"product_cat":[170],"product_tag":[185,175,29,30,32,246],"class_list":{"0":"post-738","1":"product","2":"type-product","3":"status-publish","4":"has-post-thumbnail","6":"product_cat-colares","7":"product_tag-banhada-a-ouro-amarelo-18-k","8":"product_tag-colares","9":"product_tag-coracao","10":"product_tag-fusion","11":"product_tag-turmalina","12":"product_tag-zirconias-rainbow","14":"first","15":"instock","16":"shipping-taxable","17":"purchasable","18":"product-type-simple"},"_links":{"self":[{"href":"https:\/\/meiremendesjoias.com.br\/novo\/wp-json\/wp\/v2\/product\/738","targetHints":{"allow":["GET"]}}],"collection":[{"href":"https:\/\/meiremendesjoias.com.br\/novo\/wp-json\/wp\/v2\/product"}],"about":[{"href":"https:\/\/meiremendesjoias.com.br\/novo\/wp-json\/wp\/v2\/types\/product"}],"replies":[{"embeddable":true,"href":"https:\/\/meiremendesjoias.com.br\/novo\/wp-json\/wp\/v2\/comments?post=738"}],"wp:featuredmedia":[{"embeddable":true,"href":"https:\/\/meiremendesjoias.com.br\/novo\/wp-json\/wp\/v2\/media\/801"}],"wp:attachment":[{"href":"https:\/\/meiremendesjoias.com.br\/novo\/wp-json\/wp\/v2\/media?parent=738"}],"wp:term":[{"taxonomy":"product_brand","embeddable":true,"href":"https:\/\/meiremendesjoias.com.br\/novo\/wp-json\/wp\/v2\/product_brand?post=738"},{"taxonomy":"product_cat","embeddable":true,"href":"https:\/\/meiremendesjoias.com.br\/novo\/wp-json\/wp\/v2\/product_cat?post=738"},{"taxonomy":"product_tag","embeddable":true,"href":"https:\/\/meiremendesjoias.com.br\/novo\/wp-json\/wp\/v2\/product_tag?post=738"}],"curies":[{"name":"wp","href":"https:\/\/api.w.org\/{rel}","templated":true}]}}