{"id":739,"date":"2023-11-30T17:47:12","date_gmt":"2023-11-30T20:47:12","guid":{"rendered":"https:\/\/meiremendesjoias.com.br\/novo\/?post_type=product&#038;p=739"},"modified":"2023-12-01T19:04:59","modified_gmt":"2023-12-01T22:04:59","slug":"gargantilha-coracao-gg-rainbow","status":"publish","type":"product","link":"https:\/\/meiremendesjoias.com.br\/novo\/produto\/gargantilha-coracao-gg-rainbow\/","title":{"rendered":"Gargantilha Cora\u00e7\u00e3o GG Rainbow"},"content":{"rendered":"<p>Gargantilha banhada a ouro amarelo 18 k, com pingente de cora\u00e7\u00e3o GG, cravejado de micro zirc\u00f4nias rainbow (coloridas).<br \/>\nComprimento: 40 cm, mais extensor que chega at\u00e9 50 cm.<br \/>\nCora\u00e7\u00e3o: 4,0 cm de largura x 3,0 cm de altura<\/p>\n","protected":false},"excerpt":{"rendered":"<p>Gargantilha banhada a ouro amarelo 18 k, com pingente de cora\u00e7\u00e3o GG, cravejado de micro zirc\u00f4nias rainbow (coloridas).<br \/>\nComprimento: 40 cm, mais extensor que chega at\u00e9 50 cm.<br \/>\nCora\u00e7\u00e3o: 4,0 cm de largura x 3,0 cm de altura<\/p>\n","protected":false},"featured_media":803,"comment_status":"open","ping_status":"closed","template":"","meta":[],"product_brand":[],"product_cat":[170],"product_tag":[185,175,29,186,41,237,42],"class_list":{"0":"post-739","1":"product","2":"type-product","3":"status-publish","4":"has-post-thumbnail","6":"product_cat-colares","7":"product_tag-banhada-a-ouro-amarelo-18-k","8":"product_tag-colares","9":"product_tag-coracao","10":"product_tag-gargantilha","11":"product_tag-micro-cravacao","12":"product_tag-rainbow","13":"product_tag-zirconias","15":"first","16":"instock","17":"shipping-taxable","18":"purchasable","19":"product-type-simple"},"_links":{"self":[{"href":"https:\/\/meiremendesjoias.com.br\/novo\/wp-json\/wp\/v2\/product\/739","targetHints":{"allow":["GET"]}}],"collection":[{"href":"https:\/\/meiremendesjoias.com.br\/novo\/wp-json\/wp\/v2\/product"}],"about":[{"href":"https:\/\/meiremendesjoias.com.br\/novo\/wp-json\/wp\/v2\/types\/product"}],"replies":[{"embeddable":true,"href":"https:\/\/meiremendesjoias.com.br\/novo\/wp-json\/wp\/v2\/comments?post=739"}],"wp:featuredmedia":[{"embeddable":true,"href":"https:\/\/meiremendesjoias.com.br\/novo\/wp-json\/wp\/v2\/media\/803"}],"wp:attachment":[{"href":"https:\/\/meiremendesjoias.com.br\/novo\/wp-json\/wp\/v2\/media?parent=739"}],"wp:term":[{"taxonomy":"product_brand","embeddable":true,"href":"https:\/\/meiremendesjoias.com.br\/novo\/wp-json\/wp\/v2\/product_brand?post=739"},{"taxonomy":"product_cat","embeddable":true,"href":"https:\/\/meiremendesjoias.com.br\/novo\/wp-json\/wp\/v2\/product_cat?post=739"},{"taxonomy":"product_tag","embeddable":true,"href":"https:\/\/meiremendesjoias.com.br\/novo\/wp-json\/wp\/v2\/product_tag?post=739"}],"curies":[{"name":"wp","href":"https:\/\/api.w.org\/{rel}","templated":true}]}}