{"id":74,"date":"2023-11-30T17:41:40","date_gmt":"2023-11-30T20:41:40","guid":{"rendered":"https:\/\/meiremendesjoias.com.br\/novo\/?post_type=product&#038;p=74"},"modified":"2023-12-06T16:52:23","modified_gmt":"2023-12-06T19:52:23","slug":"anel-solitario-ouro-branco-18-k-diamante","status":"publish","type":"product","link":"https:\/\/meiremendesjoias.com.br\/novo\/produto\/anel-solitario-ouro-branco-18-k-diamante\/","title":{"rendered":"Anel Solit\u00e1rio Ouro Branco 18 k Diamante"},"content":{"rendered":"<p>Solit\u00e1rio com diamante cravejado, de ouro branco 18 k e acabamento polido.<\/p>\n<p>Peso m\u00e9dio: 3,2 gramas<\/p>\n<p>Lapida\u00e7\u00e3o: brilhantes &#8211; redondo<\/p>\n<p>Tamanho: 35 pontos &#8211; 4,5 mm<\/p>\n<p>Classifica\u00e7\u00e3o: VS1<\/p>\n<p>Prazo de fabrica\u00e7\u00e3o: 20 dias \u00fateis<\/p>\n<p>Garantia permanente do ouro 18 k e pedras e de um ano contra defeitos de fabrica\u00e7\u00e3o.<\/p>\n<p>Pedras<\/p>\n<p>Diamantes s\u00e3o as \u00fanicas pedras preciosas compostas por um s\u00f3 elemento: o carbono. Para que sejam formados pela natureza, s\u00e3o necess\u00e1rias condi\u00e7\u00f5es de alta temperatura e press\u00e3o que s\u00f3 existem em determinadas profundidades abaixo da superf\u00edcie da Terra. O processo de forma\u00e7\u00e3o dessas gemas \u00e9 espont\u00e2neo e pode durar bilh\u00f5es de anos!<\/p>\n<p>Para acentuar a beleza da pedra, \u00e9 feita a lapida\u00e7\u00e3o do diamante atrav\u00e9s do trabalho humano. Note na imagem acima a diferen\u00e7a entre a gema bruta e lapidada. O grande desafio do lapidador \u00e9 acentuar o brilho da pedra ao m\u00e1ximo atrav\u00e9s da cria\u00e7\u00e3o de facetas geometricamente posicionadas.<\/p>\n<p>Brilhante ou Diamante? N\u00e3o confunda mais!<\/p>\n<p>Diamante \u00e9 o nome dado \u00e0 pedra preciosa, enquanto que Brilhante \u00e9 o tipo de lapida\u00e7\u00e3o mais cl\u00e1ssica do diamante, aquela de formato redondo.<\/p>\n<p>Os 4Cs do Diamante<br \/>\nAdota-se mundialmente o padr\u00e3o de qualidade criado pelo GIA \u2013 GemologicalInstituteofAmerica \u2013 o qual estabeleceu 4 caracter\u00edsticas relevantes para a classifica\u00e7\u00e3o dos diamantes. Veja abaixo:<\/p>\n<p>Cada diamante \u00e9 \u00fanico!<\/p>\n<p>Como os diamantes s\u00e3o formados pela natureza, \u00e9 completamente normal que haja inclus\u00f5es na pedra. Essas manchas s\u00e3o parte da identidade do diamante e comprovam sua veracidade. Diamantes muito puros s\u00e3o rar\u00edssimos e, consequentemente, muito caros.<\/p>\n<p>Diamantes s\u00e3o pedras perfeitas para simbolizar o amor entre um casal: surgem naturalmente, enfrentam situa\u00e7\u00f5es adversas e a partir delas criam joias belas, raras e com hist\u00f3rias \u00fanicas.<\/p>\n<p>Muitos optam por joias sem diamantes pois acham seu custo muito elevado. No entanto, \u00e9 importante saber que, quando bem conservados, diamantes s\u00e3o eternos: podem se tornar joias de fam\u00edlia e n\u00e3o perdem suas caracter\u00edsticas originais. Para avaliar o real custo de uma joia, recomendamos que voc\u00ea divida o valor dela pelo n\u00famero de dias que pretende us\u00e1-la! Perceba que seu custo-benef\u00edcio \u00e9 enorme, afinal, o que atualmente \u00e9 utilizado por anos e n\u00e3o perde o seu valor.<\/p>\n<p>Zirc\u00f4nias<\/p>\n<p>Zirc\u00f4nias s\u00e3o popularmente conhecidas como a imita\u00e7\u00e3o mais fiel dos diamantes. S\u00e3o pedras produzidas artificialmente pelo homem. Possuem grande brilho e n\u00e3o apresentam inclus\u00f5es.<br \/>\nPor terem o pre\u00e7o mais acess\u00edvel, s\u00e3o a op\u00e7\u00e3o perfeita para diminuir o custo da joia.<\/p>\n","protected":false},"excerpt":{"rendered":"<p>Solit\u00e1rio com diamante cravejado, de ouro branco 18 k e acabamento polido.<\/p>\n<p>Peso m\u00e9dio: 3,2 gramas<\/p>\n<p>Lapida\u00e7\u00e3o: brilhantes &#8211; redondo<\/p>\n<p>Tamanho: 35 pontos &#8211; 4,5 mm<\/p>\n<p>Classifica\u00e7\u00e3o: VS1<\/p>\n<p>Prazo de fabrica\u00e7\u00e3o: 20 dias \u00fateis<\/p>\n<p>Garantia permanente do ouro 18 k e pedras e de um ano contra defeitos de fabrica\u00e7\u00e3o.<\/p>\n<p>Pedras<\/p>\n<p>Diamantes s\u00e3o as \u00fanicas pedras preciosas compostas por um s\u00f3 elemento: o carbono. Para que sejam formados pela natureza, s\u00e3o necess\u00e1rias condi\u00e7\u00f5es de alta temperatura e press\u00e3o que s\u00f3 existem em determinadas profundidades abaixo da superf\u00edcie da Terra. O processo de forma\u00e7\u00e3o dessas gemas \u00e9 espont\u00e2neo e pode durar bilh\u00f5es de anos!<\/p>\n<p>Para acentuar a beleza da pedra, \u00e9 feita a lapida\u00e7\u00e3o do diamante atrav\u00e9s do trabalho humano. Note na imagem acima a diferen\u00e7a entre a gema bruta e lapidada. O grande desafio do lapidador \u00e9 acentuar o brilho da pedra ao m\u00e1ximo atrav\u00e9s da cria\u00e7\u00e3o de facetas geometricamente posicionadas.<\/p>\n<p>Brilhante ou Diamante? N\u00e3o confunda mais!<\/p>\n<p>Diamante \u00e9 o nome dado \u00e0 pedra preciosa, enquanto que Brilhante \u00e9 o tipo de lapida\u00e7\u00e3o mais cl\u00e1ssica do diamante, aquela de formato redondo.<\/p>\n<p>Os 4Cs do Diamante<br \/>\nAdota-se mundialmente o padr\u00e3o de qualidade criado pelo GIA \u2013 GemologicalInstituteofAmerica \u2013 o qual estabeleceu 4 caracter\u00edsticas relevantes para a classifica\u00e7\u00e3o dos diamantes. Veja abaixo:<\/p>\n<p>Cada diamante \u00e9 \u00fanico!<\/p>\n<p>Como os diamantes s\u00e3o formados pela natureza, \u00e9 completamente normal que haja inclus\u00f5es na pedra. Essas manchas s\u00e3o parte da identidade do diamante e comprovam sua veracidade. Diamantes muito puros s\u00e3o rar\u00edssimos e, consequentemente, muito caros.<\/p>\n<p>Diamantes s\u00e3o pedras perfeitas para simbolizar o amor entre um casal: surgem naturalmente, enfrentam situa\u00e7\u00f5es adversas e a partir delas criam joias belas, raras e com hist\u00f3rias \u00fanicas.<\/p>\n<p>Muitos optam por joias sem diamantes pois acham seu custo muito elevado. No entanto, \u00e9 importante saber que, quando bem conservados, diamantes s\u00e3o eternos: podem se tornar joias de fam\u00edlia e n\u00e3o perdem suas caracter\u00edsticas originais. Para avaliar o real custo de uma joia, recomendamos que voc\u00ea divida o valor dela pelo n\u00famero de dias que pretende us\u00e1-la! Perceba que seu custo-benef\u00edcio \u00e9 enorme, afinal, o que atualmente \u00e9 utilizado por anos e n\u00e3o perde o seu valor.<\/p>\n<p>Zirc\u00f4nias<\/p>\n<p>Zirc\u00f4nias s\u00e3o popularmente conhecidas como a imita\u00e7\u00e3o mais fiel dos diamantes. S\u00e3o pedras produzidas artificialmente pelo homem. Possuem grande brilho e n\u00e3o apresentam inclus\u00f5es.<br \/>\nPor terem o pre\u00e7o mais acess\u00edvel, s\u00e3o a op\u00e7\u00e3o perfeita para diminuir o custo da joia.<\/p>\n","protected":false},"featured_media":110,"comment_status":"open","ping_status":"closed","template":"","meta":[],"product_brand":[],"product_cat":[16],"product_tag":[18,19,102,59,76,62,47,77],"class_list":{"0":"post-74","1":"product","2":"type-product","3":"status-publish","4":"has-post-thumbnail","6":"product_cat-aneis","7":"product_tag-aneis","8":"product_tag-anel","9":"product_tag-diamante-cravejado","10":"product_tag-garantia","11":"product_tag-noivado","12":"product_tag-ouro-branco-18-k","13":"product_tag-polido","14":"product_tag-solitario","16":"first","17":"outofstock","18":"shipping-taxable","19":"product-type-simple"},"_links":{"self":[{"href":"https:\/\/meiremendesjoias.com.br\/novo\/wp-json\/wp\/v2\/product\/74","targetHints":{"allow":["GET"]}}],"collection":[{"href":"https:\/\/meiremendesjoias.com.br\/novo\/wp-json\/wp\/v2\/product"}],"about":[{"href":"https:\/\/meiremendesjoias.com.br\/novo\/wp-json\/wp\/v2\/types\/product"}],"replies":[{"embeddable":true,"href":"https:\/\/meiremendesjoias.com.br\/novo\/wp-json\/wp\/v2\/comments?post=74"}],"wp:featuredmedia":[{"embeddable":true,"href":"https:\/\/meiremendesjoias.com.br\/novo\/wp-json\/wp\/v2\/media\/110"}],"wp:attachment":[{"href":"https:\/\/meiremendesjoias.com.br\/novo\/wp-json\/wp\/v2\/media?parent=74"}],"wp:term":[{"taxonomy":"product_brand","embeddable":true,"href":"https:\/\/meiremendesjoias.com.br\/novo\/wp-json\/wp\/v2\/product_brand?post=74"},{"taxonomy":"product_cat","embeddable":true,"href":"https:\/\/meiremendesjoias.com.br\/novo\/wp-json\/wp\/v2\/product_cat?post=74"},{"taxonomy":"product_tag","embeddable":true,"href":"https:\/\/meiremendesjoias.com.br\/novo\/wp-json\/wp\/v2\/product_tag?post=74"}],"curies":[{"name":"wp","href":"https:\/\/api.w.org\/{rel}","templated":true}]}}