{"id":75,"date":"2023-11-30T17:41:40","date_gmt":"2023-11-30T20:41:40","guid":{"rendered":"https:\/\/meiremendesjoias.com.br\/novo\/?post_type=product&#038;p=75"},"modified":"2023-12-06T16:52:23","modified_gmt":"2023-12-06T19:52:23","slug":"anel-solitario-zirconia-prata-925","status":"publish","type":"product","link":"https:\/\/meiremendesjoias.com.br\/novo\/produto\/anel-solitario-zirconia-prata-925\/","title":{"rendered":"Anel Solit\u00e1rio Zirc\u00f4nia Prata 925"},"content":{"rendered":"<p>Anel solit\u00e1rio de prata 925, banhado a r\u00f3dio, com uma zirc\u00f4nia cravejada de 1 cent\u00edmetro de di\u00e2metro.<br \/>\nPrazo de fabrica\u00e7\u00e3o: 15 dias \u00fateis, podendo ocorrer antes.<\/p>\n","protected":false},"excerpt":{"rendered":"<p>Anel solit\u00e1rio de prata 925, banhado a r\u00f3dio, com uma zirc\u00f4nia cravejada de 1 cent\u00edmetro de di\u00e2metro.<br \/>\nPrazo de fabrica\u00e7\u00e3o: 15 dias \u00fateis, podendo ocorrer antes.<\/p>\n","protected":false},"featured_media":111,"comment_status":"open","ping_status":"closed","template":"","meta":[],"product_brand":[],"product_cat":[16],"product_tag":[18,19,22,59,76,24,77,79],"class_list":{"0":"post-75","1":"product","2":"type-product","3":"status-publish","4":"has-post-thumbnail","6":"product_cat-aneis","7":"product_tag-aneis","8":"product_tag-anel","9":"product_tag-banhado-a-rodio","10":"product_tag-garantia","11":"product_tag-noivado","12":"product_tag-prata-925","13":"product_tag-solitario","14":"product_tag-zirconia-cravejada","16":"first","17":"outofstock","18":"shipping-taxable","19":"product-type-simple"},"_links":{"self":[{"href":"https:\/\/meiremendesjoias.com.br\/novo\/wp-json\/wp\/v2\/product\/75","targetHints":{"allow":["GET"]}}],"collection":[{"href":"https:\/\/meiremendesjoias.com.br\/novo\/wp-json\/wp\/v2\/product"}],"about":[{"href":"https:\/\/meiremendesjoias.com.br\/novo\/wp-json\/wp\/v2\/types\/product"}],"replies":[{"embeddable":true,"href":"https:\/\/meiremendesjoias.com.br\/novo\/wp-json\/wp\/v2\/comments?post=75"}],"wp:featuredmedia":[{"embeddable":true,"href":"https:\/\/meiremendesjoias.com.br\/novo\/wp-json\/wp\/v2\/media\/111"}],"wp:attachment":[{"href":"https:\/\/meiremendesjoias.com.br\/novo\/wp-json\/wp\/v2\/media?parent=75"}],"wp:term":[{"taxonomy":"product_brand","embeddable":true,"href":"https:\/\/meiremendesjoias.com.br\/novo\/wp-json\/wp\/v2\/product_brand?post=75"},{"taxonomy":"product_cat","embeddable":true,"href":"https:\/\/meiremendesjoias.com.br\/novo\/wp-json\/wp\/v2\/product_cat?post=75"},{"taxonomy":"product_tag","embeddable":true,"href":"https:\/\/meiremendesjoias.com.br\/novo\/wp-json\/wp\/v2\/product_tag?post=75"}],"curies":[{"name":"wp","href":"https:\/\/api.w.org\/{rel}","templated":true}]}}