{"id":77,"date":"2023-11-30T17:41:40","date_gmt":"2023-11-30T20:41:40","guid":{"rendered":"https:\/\/meiremendesjoias.com.br\/novo\/?post_type=product&#038;p=77"},"modified":"2023-12-06T16:52:23","modified_gmt":"2023-12-06T19:52:23","slug":"alianca-ouro-18-k-rose-com-coracao-vazado-na-feminina-6-mm","status":"publish","type":"product","link":"https:\/\/meiremendesjoias.com.br\/novo\/produto\/alianca-ouro-18-k-rose-com-coracao-vazado-na-feminina-6-mm\/","title":{"rendered":"Alian\u00e7a Ouro 18 k Ros\u00ea Com Cora\u00e7\u00e3o Vazado Na Feminina- 6 mm"},"content":{"rendered":"","protected":false},"excerpt":{"rendered":"<p>Par de alian\u00e7a em ouro ros\u00ea 18 k, anat\u00f4mica, abaulada e polida com um cora\u00e7\u00e3o vazado na feminina.<\/p>\n<p>Largura: 6 mm<\/p>\n<p>Peso m\u00e9dio: 12 gramas em m\u00e9dia<\/p>\n<p>Prazo para fabrica\u00e7\u00e3o: 30 dias, podendo ocorrer antes.<\/p>\n","protected":false},"featured_media":113,"comment_status":"open","ping_status":"closed","template":"","meta":[],"product_brand":[],"product_cat":[108],"product_tag":[109,25,110,111,82,29,84,76,112,113],"class_list":{"0":"post-77","1":"product","2":"type-product","3":"status-publish","4":"has-post-thumbnail","6":"product_cat-aliancas","7":"product_tag-abaulada","8":"product_tag-alianca","9":"product_tag-aliancas","10":"product_tag-anatomica","11":"product_tag-casamento","12":"product_tag-coracao","13":"product_tag-namoro","14":"product_tag-noivado","15":"product_tag-ouro-rose-18-k","16":"product_tag-polida","18":"first","19":"outofstock","20":"shipping-taxable","21":"product-type-simple"},"_links":{"self":[{"href":"https:\/\/meiremendesjoias.com.br\/novo\/wp-json\/wp\/v2\/product\/77","targetHints":{"allow":["GET"]}}],"collection":[{"href":"https:\/\/meiremendesjoias.com.br\/novo\/wp-json\/wp\/v2\/product"}],"about":[{"href":"https:\/\/meiremendesjoias.com.br\/novo\/wp-json\/wp\/v2\/types\/product"}],"replies":[{"embeddable":true,"href":"https:\/\/meiremendesjoias.com.br\/novo\/wp-json\/wp\/v2\/comments?post=77"}],"wp:featuredmedia":[{"embeddable":true,"href":"https:\/\/meiremendesjoias.com.br\/novo\/wp-json\/wp\/v2\/media\/113"}],"wp:attachment":[{"href":"https:\/\/meiremendesjoias.com.br\/novo\/wp-json\/wp\/v2\/media?parent=77"}],"wp:term":[{"taxonomy":"product_brand","embeddable":true,"href":"https:\/\/meiremendesjoias.com.br\/novo\/wp-json\/wp\/v2\/product_brand?post=77"},{"taxonomy":"product_cat","embeddable":true,"href":"https:\/\/meiremendesjoias.com.br\/novo\/wp-json\/wp\/v2\/product_cat?post=77"},{"taxonomy":"product_tag","embeddable":true,"href":"https:\/\/meiremendesjoias.com.br\/novo\/wp-json\/wp\/v2\/product_tag?post=77"}],"curies":[{"name":"wp","href":"https:\/\/api.w.org\/{rel}","templated":true}]}}