{"id":772,"date":"2023-11-30T17:47:32","date_gmt":"2023-11-30T20:47:32","guid":{"rendered":"https:\/\/meiremendesjoias.com.br\/novo\/?post_type=product&#038;p=772"},"modified":"2023-12-01T19:04:59","modified_gmt":"2023-12-01T22:04:59","slug":"gargantilha-filhos","status":"publish","type":"product","link":"https:\/\/meiremendesjoias.com.br\/novo\/produto\/gargantilha-filhos\/","title":{"rendered":"Gargantilha Filhos"},"content":{"rendered":"<p>Gargantilha banhada a ouro amarelo 18 k, com filhos e cora\u00e7\u00e3o todo cravejado de micro zirc\u00f4nias. Escolha a sua!<br \/>\nComprimento da corrente: 40 cm<\/p>\n","protected":false},"excerpt":{"rendered":"<p>Gargantilha banhada a ouro amarelo 18 k, com filhos e cora\u00e7\u00e3o todo cravejado de micro zirc\u00f4nias. Escolha a sua!<br \/>\nComprimento da corrente: 40 cm<\/p>\n<p>Chama no WhatsApp para consultar a disponibilidade da op\u00e7\u00e3o que deseja, antes de finalizar o pedido.<\/p>\n","protected":false},"featured_media":814,"comment_status":"open","ping_status":"closed","template":"","meta":[],"product_brand":[],"product_cat":[170],"product_tag":[27,445,175,29,368,369,370],"class_list":{"0":"post-772","1":"product","2":"type-product","3":"status-publish","4":"has-post-thumbnail","6":"product_cat-colares","7":"product_tag-banhado-a-ouro-amarelo-18-k","8":"product_tag-casal-de-filhos","9":"product_tag-colares","10":"product_tag-coracao","11":"product_tag-filhos","12":"product_tag-menina","13":"product_tag-menino","15":"first","16":"instock","17":"shipping-taxable","18":"purchasable","19":"product-type-simple"},"_links":{"self":[{"href":"https:\/\/meiremendesjoias.com.br\/novo\/wp-json\/wp\/v2\/product\/772","targetHints":{"allow":["GET"]}}],"collection":[{"href":"https:\/\/meiremendesjoias.com.br\/novo\/wp-json\/wp\/v2\/product"}],"about":[{"href":"https:\/\/meiremendesjoias.com.br\/novo\/wp-json\/wp\/v2\/types\/product"}],"replies":[{"embeddable":true,"href":"https:\/\/meiremendesjoias.com.br\/novo\/wp-json\/wp\/v2\/comments?post=772"}],"wp:featuredmedia":[{"embeddable":true,"href":"https:\/\/meiremendesjoias.com.br\/novo\/wp-json\/wp\/v2\/media\/814"}],"wp:attachment":[{"href":"https:\/\/meiremendesjoias.com.br\/novo\/wp-json\/wp\/v2\/media?parent=772"}],"wp:term":[{"taxonomy":"product_brand","embeddable":true,"href":"https:\/\/meiremendesjoias.com.br\/novo\/wp-json\/wp\/v2\/product_brand?post=772"},{"taxonomy":"product_cat","embeddable":true,"href":"https:\/\/meiremendesjoias.com.br\/novo\/wp-json\/wp\/v2\/product_cat?post=772"},{"taxonomy":"product_tag","embeddable":true,"href":"https:\/\/meiremendesjoias.com.br\/novo\/wp-json\/wp\/v2\/product_tag?post=772"}],"curies":[{"name":"wp","href":"https:\/\/api.w.org\/{rel}","templated":true}]}}