{"id":773,"date":"2023-11-30T17:47:33","date_gmt":"2023-11-30T20:47:33","guid":{"rendered":"https:\/\/meiremendesjoias.com.br\/novo\/?post_type=product&#038;p=773"},"modified":"2023-12-08T16:01:21","modified_gmt":"2023-12-08T19:01:21","slug":"gargantilha-filhos-coracao-fusion","status":"publish","type":"product","link":"https:\/\/meiremendesjoias.com.br\/novo\/produto\/gargantilha-filhos-coracao-fusion\/","title":{"rendered":"Gargantilha Filhos Cora\u00e7\u00e3o Fusion"},"content":{"rendered":"<p>Gargantilha banhada a ouro amarelo 18 k, com filhos e cora\u00e7\u00e3o fusion turmalina, ou rosa.<br \/>\nComprimento: 45 cm<br \/>\nCora\u00e7\u00e3o fusion rosa com menina.<br \/>\nCora\u00e7\u00e3o fusion turmalina com menino.<\/p>\n","protected":false},"excerpt":{"rendered":"<p>Gargantilha banhada a ouro amarelo 18 k, com filhos e cora\u00e7\u00e3o fusion turmalina, ou rosa.<br \/>\nComprimento: 45 cm<br \/>\nCora\u00e7\u00e3o fusion rosa com menina.<br \/>\nCora\u00e7\u00e3o fusion turmalina com menino.<\/p>\n<p>Chama no WhatsApp para consultar a disponibilidade da op\u00e7\u00e3o que deseja, antes de finalizar o pedido.<\/p>\n","protected":false},"featured_media":832,"comment_status":"open","ping_status":"closed","template":"","meta":[],"product_brand":[],"product_cat":[170],"product_tag":[27,175,29,368,30,369,370,264,32],"class_list":{"0":"post-773","1":"product","2":"type-product","3":"status-publish","4":"has-post-thumbnail","6":"product_cat-colares","7":"product_tag-banhado-a-ouro-amarelo-18-k","8":"product_tag-colares","9":"product_tag-coracao","10":"product_tag-filhos","11":"product_tag-fusion","12":"product_tag-menina","13":"product_tag-menino","14":"product_tag-rosa","15":"product_tag-turmalina","17":"first","18":"instock","19":"shipping-taxable","20":"purchasable","21":"product-type-simple"},"_links":{"self":[{"href":"https:\/\/meiremendesjoias.com.br\/novo\/wp-json\/wp\/v2\/product\/773","targetHints":{"allow":["GET"]}}],"collection":[{"href":"https:\/\/meiremendesjoias.com.br\/novo\/wp-json\/wp\/v2\/product"}],"about":[{"href":"https:\/\/meiremendesjoias.com.br\/novo\/wp-json\/wp\/v2\/types\/product"}],"replies":[{"embeddable":true,"href":"https:\/\/meiremendesjoias.com.br\/novo\/wp-json\/wp\/v2\/comments?post=773"}],"wp:featuredmedia":[{"embeddable":true,"href":"https:\/\/meiremendesjoias.com.br\/novo\/wp-json\/wp\/v2\/media\/832"}],"wp:attachment":[{"href":"https:\/\/meiremendesjoias.com.br\/novo\/wp-json\/wp\/v2\/media?parent=773"}],"wp:term":[{"taxonomy":"product_brand","embeddable":true,"href":"https:\/\/meiremendesjoias.com.br\/novo\/wp-json\/wp\/v2\/product_brand?post=773"},{"taxonomy":"product_cat","embeddable":true,"href":"https:\/\/meiremendesjoias.com.br\/novo\/wp-json\/wp\/v2\/product_cat?post=773"},{"taxonomy":"product_tag","embeddable":true,"href":"https:\/\/meiremendesjoias.com.br\/novo\/wp-json\/wp\/v2\/product_tag?post=773"}],"curies":[{"name":"wp","href":"https:\/\/api.w.org\/{rel}","templated":true}]}}