{"id":778,"date":"2023-11-30T17:47:33","date_gmt":"2023-11-30T20:47:33","guid":{"rendered":"https:\/\/meiremendesjoias.com.br\/novo\/?post_type=product&#038;p=778"},"modified":"2023-12-01T19:04:58","modified_gmt":"2023-12-01T22:04:58","slug":"gargantilha-nossa-senhora-das-gracas","status":"publish","type":"product","link":"https:\/\/meiremendesjoias.com.br\/novo\/produto\/gargantilha-nossa-senhora-das-gracas\/","title":{"rendered":"Gargantilha Nossa Senhora Das Gra\u00e7as"},"content":{"rendered":"<p>Gargantilha de prata 925, banhada a r\u00f3dio, com pingente Nossa Senhora das Gra\u00e7as de madrep\u00e9rola em alto relevo, com zirc\u00f4nias a volta toda nas cores branca e gotas top\u00e1zio azul.<br \/>\nPingente: 2,8 cm de di\u00e2metro.<br \/>\nCorrente: 42 cm, mais extensor que chega at\u00e9 45 cm.<\/p>\n","protected":false},"excerpt":{"rendered":"<p>Gargantilha de prata 925, banhada a r\u00f3dio, com pingente Nossa Senhora das Gra\u00e7as de madrep\u00e9rola em alto relevo, com zirc\u00f4nias a volta toda nas cores branca e gotas top\u00e1zio azul.<br \/>\nPingente: 2,8 cm de di\u00e2metro.<br \/>\nCorrente: 42 cm, mais extensor que chega at\u00e9 45 cm.<\/p>\n","protected":false},"featured_media":840,"comment_status":"open","ping_status":"closed","template":"","meta":[],"product_brand":[],"product_cat":[170],"product_tag":[360,186,160,41,448,24,178,107,412,42],"class_list":{"0":"post-778","1":"product","2":"type-product","3":"status-publish","4":"has-post-thumbnail","6":"product_cat-colares","7":"product_tag-banhada-a-rodio","8":"product_tag-gargantilha","9":"product_tag-joias-em-prata","10":"product_tag-micro-cravacao","11":"product_tag-nossa-senhora-das-gracas","12":"product_tag-prata-925","13":"product_tag-protecao","14":"product_tag-religioso","15":"product_tag-topazio-azul","16":"product_tag-zirconias","18":"first","19":"instock","20":"shipping-taxable","21":"purchasable","22":"product-type-simple"},"_links":{"self":[{"href":"https:\/\/meiremendesjoias.com.br\/novo\/wp-json\/wp\/v2\/product\/778","targetHints":{"allow":["GET"]}}],"collection":[{"href":"https:\/\/meiremendesjoias.com.br\/novo\/wp-json\/wp\/v2\/product"}],"about":[{"href":"https:\/\/meiremendesjoias.com.br\/novo\/wp-json\/wp\/v2\/types\/product"}],"replies":[{"embeddable":true,"href":"https:\/\/meiremendesjoias.com.br\/novo\/wp-json\/wp\/v2\/comments?post=778"}],"wp:featuredmedia":[{"embeddable":true,"href":"https:\/\/meiremendesjoias.com.br\/novo\/wp-json\/wp\/v2\/media\/840"}],"wp:attachment":[{"href":"https:\/\/meiremendesjoias.com.br\/novo\/wp-json\/wp\/v2\/media?parent=778"}],"wp:term":[{"taxonomy":"product_brand","embeddable":true,"href":"https:\/\/meiremendesjoias.com.br\/novo\/wp-json\/wp\/v2\/product_brand?post=778"},{"taxonomy":"product_cat","embeddable":true,"href":"https:\/\/meiremendesjoias.com.br\/novo\/wp-json\/wp\/v2\/product_cat?post=778"},{"taxonomy":"product_tag","embeddable":true,"href":"https:\/\/meiremendesjoias.com.br\/novo\/wp-json\/wp\/v2\/product_tag?post=778"}],"curies":[{"name":"wp","href":"https:\/\/api.w.org\/{rel}","templated":true}]}}