{"id":779,"date":"2023-11-30T17:47:33","date_gmt":"2023-11-30T20:47:33","guid":{"rendered":"https:\/\/meiremendesjoias.com.br\/novo\/?post_type=product&#038;p=779"},"modified":"2023-12-01T19:04:58","modified_gmt":"2023-12-01T22:04:58","slug":"gargantilha-nossa-senhora-das-gracas-2","status":"publish","type":"product","link":"https:\/\/meiremendesjoias.com.br\/novo\/produto\/gargantilha-nossa-senhora-das-gracas-2\/","title":{"rendered":"Gargantilha Nossa Senhora Das Gra\u00e7as"},"content":{"rendered":"<p>Gargantilha Nossa Senhora das Gra\u00e7as de madrep\u00e9rola em alto relevo, com zirc\u00f4nias a volta toda, banhada a r\u00f3dio.<br \/>\nPingente: 2,8 cm de largura x 5,5 cm de altura<br \/>\nCorrente Tiffany Inspired: 41 cm, mais extensor que chega at\u00e9 51 cm.<\/p>\n","protected":false},"excerpt":{"rendered":"<p>Gargantilha Nossa Senhora das Gra\u00e7as de madrep\u00e9rola em alto relevo, com zirc\u00f4nias a volta toda, banhada a r\u00f3dio.<br \/>\nPingente: 2,8 cm de largura x 5,5 cm de altura<br \/>\nCorrente Tiffany Inspired: 41 cm, mais extensor que chega at\u00e9 51 cm.<\/p>\n","protected":false},"featured_media":841,"comment_status":"open","ping_status":"closed","template":"","meta":[],"product_brand":[],"product_cat":[170],"product_tag":[360,186,448,178,107,424,42],"class_list":{"0":"post-779","1":"product","2":"type-product","3":"status-publish","4":"has-post-thumbnail","6":"product_cat-colares","7":"product_tag-banhada-a-rodio","8":"product_tag-gargantilha","9":"product_tag-nossa-senhora-das-gracas","10":"product_tag-protecao","11":"product_tag-religioso","12":"product_tag-tiffany-inspired","13":"product_tag-zirconias","15":"first","16":"instock","17":"shipping-taxable","18":"purchasable","19":"product-type-simple"},"_links":{"self":[{"href":"https:\/\/meiremendesjoias.com.br\/novo\/wp-json\/wp\/v2\/product\/779","targetHints":{"allow":["GET"]}}],"collection":[{"href":"https:\/\/meiremendesjoias.com.br\/novo\/wp-json\/wp\/v2\/product"}],"about":[{"href":"https:\/\/meiremendesjoias.com.br\/novo\/wp-json\/wp\/v2\/types\/product"}],"replies":[{"embeddable":true,"href":"https:\/\/meiremendesjoias.com.br\/novo\/wp-json\/wp\/v2\/comments?post=779"}],"wp:featuredmedia":[{"embeddable":true,"href":"https:\/\/meiremendesjoias.com.br\/novo\/wp-json\/wp\/v2\/media\/841"}],"wp:attachment":[{"href":"https:\/\/meiremendesjoias.com.br\/novo\/wp-json\/wp\/v2\/media?parent=779"}],"wp:term":[{"taxonomy":"product_brand","embeddable":true,"href":"https:\/\/meiremendesjoias.com.br\/novo\/wp-json\/wp\/v2\/product_brand?post=779"},{"taxonomy":"product_cat","embeddable":true,"href":"https:\/\/meiremendesjoias.com.br\/novo\/wp-json\/wp\/v2\/product_cat?post=779"},{"taxonomy":"product_tag","embeddable":true,"href":"https:\/\/meiremendesjoias.com.br\/novo\/wp-json\/wp\/v2\/product_tag?post=779"}],"curies":[{"name":"wp","href":"https:\/\/api.w.org\/{rel}","templated":true}]}}