{"id":781,"date":"2023-11-30T17:47:33","date_gmt":"2023-11-30T20:47:33","guid":{"rendered":"https:\/\/meiremendesjoias.com.br\/novo\/?post_type=product&#038;p=781"},"modified":"2023-12-08T16:01:00","modified_gmt":"2023-12-08T19:01:00","slug":"gargantilha-nossa-senhora-das-gracas-quartzo-rosa-ou-turmalina","status":"publish","type":"product","link":"https:\/\/meiremendesjoias.com.br\/novo\/produto\/gargantilha-nossa-senhora-das-gracas-quartzo-rosa-ou-turmalina\/","title":{"rendered":"Gargantilha Nossa Senhora Das Gra\u00e7as Quartzo Rosa Ou Turmalina"},"content":{"rendered":"<p>Gargantilha de prata 925, banhada a r\u00f3dio, com pingente Nossa Senhora das Gra\u00e7as de madrep\u00e9rola em alto relevo, com zirc\u00f4nias a volta toda nas cores quartzo rosa, ou turmalina. Escolha a sua!<br \/>\nPingente: 2,9 cm de largura x 3,4 cm de altura.<br \/>\nCorrente: 42 cm, mais extensor que chega at\u00e9 45 cm.<\/p>\n","protected":false},"excerpt":{"rendered":"<p>Gargantilha de prata 925, banhada a r\u00f3dio, com pingente Nossa Senhora das Gra\u00e7as de madrep\u00e9rola em alto relevo, com zirc\u00f4nias a volta toda nas cores quartzo rosa, ou turmalina. Escolha a sua!<br \/>\nPingente: 2,9 cm de largura x 3,4 cm de altura.<br \/>\nCorrente: 42 cm, mais extensor que chega at\u00e9 45 cm.<\/p>\n<p>Entre em contato por WhatsApp para consultar a disponibilidade da cor de pedra que deseja, antes de finalizar a compra.<\/p>\n","protected":false},"featured_media":846,"comment_status":"open","ping_status":"closed","template":"","meta":[],"product_brand":[],"product_cat":[170],"product_tag":[360,186,160,41,448,24,178,164,107,32,42],"class_list":{"0":"post-781","1":"product","2":"type-product","3":"status-publish","4":"has-post-thumbnail","6":"product_cat-colares","7":"product_tag-banhada-a-rodio","8":"product_tag-gargantilha","9":"product_tag-joias-em-prata","10":"product_tag-micro-cravacao","11":"product_tag-nossa-senhora-das-gracas","12":"product_tag-prata-925","13":"product_tag-protecao","14":"product_tag-quartzo-rosa","15":"product_tag-religioso","16":"product_tag-turmalina","17":"product_tag-zirconias","19":"first","20":"instock","21":"shipping-taxable","22":"purchasable","23":"product-type-simple"},"_links":{"self":[{"href":"https:\/\/meiremendesjoias.com.br\/novo\/wp-json\/wp\/v2\/product\/781","targetHints":{"allow":["GET"]}}],"collection":[{"href":"https:\/\/meiremendesjoias.com.br\/novo\/wp-json\/wp\/v2\/product"}],"about":[{"href":"https:\/\/meiremendesjoias.com.br\/novo\/wp-json\/wp\/v2\/types\/product"}],"replies":[{"embeddable":true,"href":"https:\/\/meiremendesjoias.com.br\/novo\/wp-json\/wp\/v2\/comments?post=781"}],"wp:featuredmedia":[{"embeddable":true,"href":"https:\/\/meiremendesjoias.com.br\/novo\/wp-json\/wp\/v2\/media\/846"}],"wp:attachment":[{"href":"https:\/\/meiremendesjoias.com.br\/novo\/wp-json\/wp\/v2\/media?parent=781"}],"wp:term":[{"taxonomy":"product_brand","embeddable":true,"href":"https:\/\/meiremendesjoias.com.br\/novo\/wp-json\/wp\/v2\/product_brand?post=781"},{"taxonomy":"product_cat","embeddable":true,"href":"https:\/\/meiremendesjoias.com.br\/novo\/wp-json\/wp\/v2\/product_cat?post=781"},{"taxonomy":"product_tag","embeddable":true,"href":"https:\/\/meiremendesjoias.com.br\/novo\/wp-json\/wp\/v2\/product_tag?post=781"}],"curies":[{"name":"wp","href":"https:\/\/api.w.org\/{rel}","templated":true}]}}