{"id":79,"date":"2023-11-30T17:41:40","date_gmt":"2023-11-30T20:41:40","guid":{"rendered":"https:\/\/meiremendesjoias.com.br\/novo\/?post_type=product&#038;p=79"},"modified":"2023-12-06T16:52:24","modified_gmt":"2023-12-06T19:52:24","slug":"anel-aparador-diamantes-ouro-18k","status":"publish","type":"product","link":"https:\/\/meiremendesjoias.com.br\/novo\/produto\/anel-aparador-diamantes-ouro-18k\/","title":{"rendered":"Anel Aparador Diamantes Ouro 18k"},"content":{"rendered":"<p>Aparador de alian\u00e7as de ouro 18 k, com diamantes cravejados a volta toda.<br \/>\nLargura m\u00e9dia: 2 mm<br \/>\nPrazo para fabrica\u00e7\u00e3o: 15 dias \u00fateis.<br \/>\nGarantia permanente do ouro e pedras e de um ano contra defeitos de fabrica\u00e7\u00e3o.<\/p>\n","protected":false},"excerpt":{"rendered":"<p>Aparador de alian\u00e7as de ouro 18 k, com diamantes cravejados a volta toda.<br \/>\nLargura m\u00e9dia: 2 mm<br \/>\nPrazo para fabrica\u00e7\u00e3o: 15 dias \u00fateis.<br \/>\nGarantia permanente do ouro e pedras e de um ano contra defeitos de fabrica\u00e7\u00e3o.<\/p>\n","protected":false},"featured_media":139,"comment_status":"open","ping_status":"closed","template":"","meta":[],"product_brand":[],"product_cat":[16],"product_tag":[110,18,20,116,59,60],"class_list":{"0":"post-79","1":"product","2":"type-product","3":"status-publish","4":"has-post-thumbnail","6":"product_cat-aneis","7":"product_tag-aliancas","8":"product_tag-aneis","9":"product_tag-aparador","10":"product_tag-diamantes-cravejados","11":"product_tag-garantia","12":"product_tag-ouro-18-k","14":"first","15":"outofstock","16":"shipping-taxable","17":"product-type-simple"},"_links":{"self":[{"href":"https:\/\/meiremendesjoias.com.br\/novo\/wp-json\/wp\/v2\/product\/79","targetHints":{"allow":["GET"]}}],"collection":[{"href":"https:\/\/meiremendesjoias.com.br\/novo\/wp-json\/wp\/v2\/product"}],"about":[{"href":"https:\/\/meiremendesjoias.com.br\/novo\/wp-json\/wp\/v2\/types\/product"}],"replies":[{"embeddable":true,"href":"https:\/\/meiremendesjoias.com.br\/novo\/wp-json\/wp\/v2\/comments?post=79"}],"wp:featuredmedia":[{"embeddable":true,"href":"https:\/\/meiremendesjoias.com.br\/novo\/wp-json\/wp\/v2\/media\/139"}],"wp:attachment":[{"href":"https:\/\/meiremendesjoias.com.br\/novo\/wp-json\/wp\/v2\/media?parent=79"}],"wp:term":[{"taxonomy":"product_brand","embeddable":true,"href":"https:\/\/meiremendesjoias.com.br\/novo\/wp-json\/wp\/v2\/product_brand?post=79"},{"taxonomy":"product_cat","embeddable":true,"href":"https:\/\/meiremendesjoias.com.br\/novo\/wp-json\/wp\/v2\/product_cat?post=79"},{"taxonomy":"product_tag","embeddable":true,"href":"https:\/\/meiremendesjoias.com.br\/novo\/wp-json\/wp\/v2\/product_tag?post=79"}],"curies":[{"name":"wp","href":"https:\/\/api.w.org\/{rel}","templated":true}]}}