{"id":80,"date":"2023-11-30T17:41:40","date_gmt":"2023-11-30T20:41:40","guid":{"rendered":"https:\/\/meiremendesjoias.com.br\/novo\/?post_type=product&#038;p=80"},"modified":"2025-02-21T11:49:19","modified_gmt":"2025-02-21T14:49:19","slug":"alianca-batimento-cardiaco-coracao-ouro-18-k","status":"publish","type":"product","link":"https:\/\/meiremendesjoias.com.br\/novo\/produto\/alianca-batimento-cardiaco-coracao-ouro-18-k\/","title":{"rendered":"Alian\u00e7a Batimento Card\u00edaco Cora\u00e7\u00e3o Ouro 18 k"},"content":{"rendered":"<p>Par de alian\u00e7a em ouro amarelo 18 k, quadrada, reta, diamantada, dois frisos lisos e com o s\u00edmbolo de batimento card\u00edaco. Na feminina um cora\u00e7\u00e3o vazado e uma zirc\u00f4nia de cada lado.<br \/>\nLargura: 7 mm<br \/>\nPeso m\u00e9dio: 14 gramas o par.<br \/>\nPrazo de fabrica\u00e7\u00e3o: 30 dias, podendo ocorrer antes.<br \/>\nFazemos tamb\u00e9m em ouro branco, ou prata 925.<\/p>\n","protected":false},"excerpt":{"rendered":"<p><span style=\"vertical-align: inherit;\"><span style=\"vertical-align: inherit;\">Par de alian\u00e7a em ouro amarelo 18 k, quadrada, reta, diamantada, dois frisos lisos e com o s\u00edmbolo de batimento card\u00edaco. Na feminina um cora\u00e7\u00e3o vazado e uma zirc\u00f4nia de cada lado.<\/span><\/span><br \/>\n<span style=\"vertical-align: inherit;\"><span style=\"vertical-align: inherit;\">Largura: 7 mm<\/span><\/span><br \/>\n<span style=\"vertical-align: inherit;\"><span style=\"vertical-align: inherit;\">Peso m\u00e9dio: 14 gramas o par.<\/span><\/span><br \/>\n<span style=\"vertical-align: inherit;\"><span style=\"vertical-align: inherit;\">Prazo de fabrica\u00e7\u00e3o: 30 dias, podendo ocorrer antes.<\/span><\/span><br \/>\n<span style=\"vertical-align: inherit;\"><span style=\"vertical-align: inherit;\">Fazemos tamb\u00e9m em ouro branco, ou prata 925.<\/span><\/span><\/p>\n","protected":false},"featured_media":140,"comment_status":"open","ping_status":"closed","template":"","meta":[],"product_brand":[],"product_cat":[108],"product_tag":[25,110,82,117,29,118,85,76,60,62,119,120,42],"class_list":{"0":"post-80","1":"product","2":"type-product","3":"status-publish","4":"has-post-thumbnail","6":"product_cat-aliancas","7":"product_tag-alianca","8":"product_tag-aliancas","9":"product_tag-casamento","10":"product_tag-compromisso","11":"product_tag-coracao","12":"product_tag-diamantada","13":"product_tag-noiva","14":"product_tag-noivado","15":"product_tag-ouro-18-k","16":"product_tag-ouro-branco-18-k","17":"product_tag-quadrada","18":"product_tag-reta","19":"product_tag-zirconias","21":"first","22":"outofstock","23":"featured","24":"shipping-taxable","25":"product-type-simple"},"_links":{"self":[{"href":"https:\/\/meiremendesjoias.com.br\/novo\/wp-json\/wp\/v2\/product\/80","targetHints":{"allow":["GET"]}}],"collection":[{"href":"https:\/\/meiremendesjoias.com.br\/novo\/wp-json\/wp\/v2\/product"}],"about":[{"href":"https:\/\/meiremendesjoias.com.br\/novo\/wp-json\/wp\/v2\/types\/product"}],"replies":[{"embeddable":true,"href":"https:\/\/meiremendesjoias.com.br\/novo\/wp-json\/wp\/v2\/comments?post=80"}],"wp:featuredmedia":[{"embeddable":true,"href":"https:\/\/meiremendesjoias.com.br\/novo\/wp-json\/wp\/v2\/media\/140"}],"wp:attachment":[{"href":"https:\/\/meiremendesjoias.com.br\/novo\/wp-json\/wp\/v2\/media?parent=80"}],"wp:term":[{"taxonomy":"product_brand","embeddable":true,"href":"https:\/\/meiremendesjoias.com.br\/novo\/wp-json\/wp\/v2\/product_brand?post=80"},{"taxonomy":"product_cat","embeddable":true,"href":"https:\/\/meiremendesjoias.com.br\/novo\/wp-json\/wp\/v2\/product_cat?post=80"},{"taxonomy":"product_tag","embeddable":true,"href":"https:\/\/meiremendesjoias.com.br\/novo\/wp-json\/wp\/v2\/product_tag?post=80"}],"curies":[{"name":"wp","href":"https:\/\/api.w.org\/{rel}","templated":true}]}}