{"id":81,"date":"2023-11-30T17:41:40","date_gmt":"2023-11-30T20:41:40","guid":{"rendered":"https:\/\/meiremendesjoias.com.br\/novo\/?post_type=product&#038;p=81"},"modified":"2025-02-21T11:48:20","modified_gmt":"2025-02-21T14:48:20","slug":"alianca-prata-925-com-iniciais-do-nome-e-zirconias","status":"publish","type":"product","link":"https:\/\/meiremendesjoias.com.br\/novo\/produto\/alianca-prata-925-com-iniciais-do-nome-e-zirconias\/","title":{"rendered":"Alian\u00e7a Prata 925 Com Iniciais Do Nome E Zirc\u00f4nias"},"content":{"rendered":"","protected":false},"excerpt":{"rendered":"<p>Alian\u00e7a em prata 925, reta, abaulada internamente, lisa, polida, com zirc\u00f4nias a volta toda.<br \/>\nLargura: 7,5 mm<br \/>\nPrazo de fabrica\u00e7\u00e3o: 15 dias, ap\u00f3s o pedido e o pagamento.<br \/>\nFabricamos tamb\u00e9m em ouro branco e com diamantes. Consulte o valor por WhatsApp.<\/p>\n","protected":false},"featured_media":141,"comment_status":"open","ping_status":"closed","template":"","meta":[],"product_brand":[],"product_cat":[108],"product_tag":[109,25,110,82,117,83,121,54,84,85,76,122,123,24,78],"class_list":{"0":"post-81","1":"product","2":"type-product","3":"status-publish","4":"has-post-thumbnail","6":"product_cat-aliancas","7":"product_tag-abaulada","8":"product_tag-alianca","9":"product_tag-aliancas","10":"product_tag-casamento","11":"product_tag-compromisso","12":"product_tag-diamante","13":"product_tag-inicial-do-nome","14":"product_tag-letra","15":"product_tag-namoro","16":"product_tag-noiva","17":"product_tag-noivado","18":"product_tag-ouro-amarelo","19":"product_tag-ouro-branco","20":"product_tag-prata-925","21":"product_tag-zirconia","23":"first","24":"outofstock","25":"featured","26":"shipping-taxable","27":"product-type-simple"},"_links":{"self":[{"href":"https:\/\/meiremendesjoias.com.br\/novo\/wp-json\/wp\/v2\/product\/81","targetHints":{"allow":["GET"]}}],"collection":[{"href":"https:\/\/meiremendesjoias.com.br\/novo\/wp-json\/wp\/v2\/product"}],"about":[{"href":"https:\/\/meiremendesjoias.com.br\/novo\/wp-json\/wp\/v2\/types\/product"}],"replies":[{"embeddable":true,"href":"https:\/\/meiremendesjoias.com.br\/novo\/wp-json\/wp\/v2\/comments?post=81"}],"wp:featuredmedia":[{"embeddable":true,"href":"https:\/\/meiremendesjoias.com.br\/novo\/wp-json\/wp\/v2\/media\/141"}],"wp:attachment":[{"href":"https:\/\/meiremendesjoias.com.br\/novo\/wp-json\/wp\/v2\/media?parent=81"}],"wp:term":[{"taxonomy":"product_brand","embeddable":true,"href":"https:\/\/meiremendesjoias.com.br\/novo\/wp-json\/wp\/v2\/product_brand?post=81"},{"taxonomy":"product_cat","embeddable":true,"href":"https:\/\/meiremendesjoias.com.br\/novo\/wp-json\/wp\/v2\/product_cat?post=81"},{"taxonomy":"product_tag","embeddable":true,"href":"https:\/\/meiremendesjoias.com.br\/novo\/wp-json\/wp\/v2\/product_tag?post=81"}],"curies":[{"name":"wp","href":"https:\/\/api.w.org\/{rel}","templated":true}]}}