{"id":815,"date":"2023-11-30T17:47:55","date_gmt":"2023-11-30T20:47:55","guid":{"rendered":"https:\/\/meiremendesjoias.com.br\/novo\/?post_type=product&#038;p=815"},"modified":"2025-02-20T16:07:28","modified_gmt":"2025-02-20T19:07:28","slug":"colar-perfumeiro-coracao-azul-prata-ouro","status":"publish","type":"product","link":"https:\/\/meiremendesjoias.com.br\/novo\/produto\/colar-perfumeiro-coracao-azul-prata-ouro\/","title":{"rendered":"Colar Perfumeiro"},"content":{"rendered":"","protected":false},"excerpt":{"rendered":"<p>Colar perfumeiro com corrente Tiffany Inspired, banhado a r\u00f3dio, ou a ouro amarelo 18 k.<\/p>\n<p>Pingentes de cora\u00e7\u00e3o, flor e Esp\u00edrito Santo.<\/p>\n<p>Todos com micro zirc\u00f4nias cravejadas.<\/p>\n<p>Dentro dele, coloque o perfume de sua prefer\u00eancia com um conta gotas.<br \/>\nComprimento: 66 cm, mais extensor que chega at\u00e9 71 cm<\/p>\n<p>Antes de finalizar o pedido, consulte a disponibilidade do modelo que deseja por WhatsApp.<\/p>\n","protected":false},"featured_media":2187,"comment_status":"open","ping_status":"closed","template":"","meta":[],"product_brand":[],"product_cat":[170],"product_tag":[22,172,455,175,217,34,186,380,242,287,456,457],"class_list":{"0":"post-815","1":"product","2":"type-product","3":"status-publish","4":"has-post-thumbnail","6":"product_cat-colares","7":"product_tag-banhado-a-rodio","8":"product_tag-colar","9":"product_tag-colar-perfumeiro","10":"product_tag-colares","11":"product_tag-espirito-santo","12":"product_tag-flor","13":"product_tag-gargantilha","14":"product_tag-inspiracao-tiffany","15":"product_tag-micro-zirconias-cravejadas","16":"product_tag-orquidea","17":"product_tag-perfume","18":"product_tag-pingente-coracao","20":"first","21":"instock","22":"shipping-taxable","23":"purchasable","24":"product-type-simple"},"_links":{"self":[{"href":"https:\/\/meiremendesjoias.com.br\/novo\/wp-json\/wp\/v2\/product\/815","targetHints":{"allow":["GET"]}}],"collection":[{"href":"https:\/\/meiremendesjoias.com.br\/novo\/wp-json\/wp\/v2\/product"}],"about":[{"href":"https:\/\/meiremendesjoias.com.br\/novo\/wp-json\/wp\/v2\/types\/product"}],"replies":[{"embeddable":true,"href":"https:\/\/meiremendesjoias.com.br\/novo\/wp-json\/wp\/v2\/comments?post=815"}],"wp:featuredmedia":[{"embeddable":true,"href":"https:\/\/meiremendesjoias.com.br\/novo\/wp-json\/wp\/v2\/media\/2187"}],"wp:attachment":[{"href":"https:\/\/meiremendesjoias.com.br\/novo\/wp-json\/wp\/v2\/media?parent=815"}],"wp:term":[{"taxonomy":"product_brand","embeddable":true,"href":"https:\/\/meiremendesjoias.com.br\/novo\/wp-json\/wp\/v2\/product_brand?post=815"},{"taxonomy":"product_cat","embeddable":true,"href":"https:\/\/meiremendesjoias.com.br\/novo\/wp-json\/wp\/v2\/product_cat?post=815"},{"taxonomy":"product_tag","embeddable":true,"href":"https:\/\/meiremendesjoias.com.br\/novo\/wp-json\/wp\/v2\/product_tag?post=815"}],"curies":[{"name":"wp","href":"https:\/\/api.w.org\/{rel}","templated":true}]}}