{"id":82,"date":"2023-11-30T17:41:40","date_gmt":"2023-11-30T20:41:40","guid":{"rendered":"https:\/\/meiremendesjoias.com.br\/novo\/?post_type=product&#038;p=82"},"modified":"2023-12-06T16:52:23","modified_gmt":"2023-12-06T19:52:23","slug":"alianca-batimento-cardiaco-coracao-ouro-18-k-2","status":"publish","type":"product","link":"https:\/\/meiremendesjoias.com.br\/novo\/produto\/alianca-batimento-cardiaco-coracao-ouro-18-k-2\/","title":{"rendered":"Alian\u00e7a Batimento Card\u00edaco Cora\u00e7\u00e3o Ouro 18 k"},"content":{"rendered":"","protected":false},"excerpt":{"rendered":"<p>Par de alian\u00e7a em ouro branco 18 k, tradicional, abaulada, diamantada e com o s\u00edmbolo de batimento card\u00edaco banhado em ouro amarelo 18 k. Na feminina um cora\u00e7\u00e3o vazado e uma zirc\u00f4nia de cada lado.<br \/>\nLargura: 8 mm<br \/>\nPeso m\u00e9dio: 16 gramas o par.<br \/>\nPrazo de fabrica\u00e7\u00e3o: 30 dias ap\u00f3s o pedido e o pagamento, podendo ocorrer antes.<\/p>\n","protected":false},"featured_media":146,"comment_status":"open","ping_status":"closed","template":"","meta":[],"product_brand":[],"product_cat":[108],"product_tag":[109,25,110,82,117,29,118,85,76,60,62,42],"class_list":{"0":"post-82","1":"product","2":"type-product","3":"status-publish","4":"has-post-thumbnail","6":"product_cat-aliancas","7":"product_tag-abaulada","8":"product_tag-alianca","9":"product_tag-aliancas","10":"product_tag-casamento","11":"product_tag-compromisso","12":"product_tag-coracao","13":"product_tag-diamantada","14":"product_tag-noiva","15":"product_tag-noivado","16":"product_tag-ouro-18-k","17":"product_tag-ouro-branco-18-k","18":"product_tag-zirconias","20":"first","21":"outofstock","22":"shipping-taxable","23":"product-type-simple"},"_links":{"self":[{"href":"https:\/\/meiremendesjoias.com.br\/novo\/wp-json\/wp\/v2\/product\/82","targetHints":{"allow":["GET"]}}],"collection":[{"href":"https:\/\/meiremendesjoias.com.br\/novo\/wp-json\/wp\/v2\/product"}],"about":[{"href":"https:\/\/meiremendesjoias.com.br\/novo\/wp-json\/wp\/v2\/types\/product"}],"replies":[{"embeddable":true,"href":"https:\/\/meiremendesjoias.com.br\/novo\/wp-json\/wp\/v2\/comments?post=82"}],"wp:featuredmedia":[{"embeddable":true,"href":"https:\/\/meiremendesjoias.com.br\/novo\/wp-json\/wp\/v2\/media\/146"}],"wp:attachment":[{"href":"https:\/\/meiremendesjoias.com.br\/novo\/wp-json\/wp\/v2\/media?parent=82"}],"wp:term":[{"taxonomy":"product_brand","embeddable":true,"href":"https:\/\/meiremendesjoias.com.br\/novo\/wp-json\/wp\/v2\/product_brand?post=82"},{"taxonomy":"product_cat","embeddable":true,"href":"https:\/\/meiremendesjoias.com.br\/novo\/wp-json\/wp\/v2\/product_cat?post=82"},{"taxonomy":"product_tag","embeddable":true,"href":"https:\/\/meiremendesjoias.com.br\/novo\/wp-json\/wp\/v2\/product_tag?post=82"}],"curies":[{"name":"wp","href":"https:\/\/api.w.org\/{rel}","templated":true}]}}