{"id":822,"date":"2023-11-30T17:47:55","date_gmt":"2023-11-30T20:47:55","guid":{"rendered":"https:\/\/meiremendesjoias.com.br\/novo\/?post_type=product&#038;p=822"},"modified":"2023-12-08T15:57:14","modified_gmt":"2023-12-08T18:57:14","slug":"corrente-modelo-cordao-baiano-pingente-agata","status":"publish","type":"product","link":"https:\/\/meiremendesjoias.com.br\/novo\/produto\/corrente-modelo-cordao-baiano-pingente-agata\/","title":{"rendered":"Corrente Modelo Cord\u00e3o Baiano Pingente \u00c1gata"},"content":{"rendered":"","protected":false},"excerpt":{"rendered":"<p>Corrente modelo cord\u00e3o baiano banhado a ouro amarelo 18 k, com pingente \u00e1gata azul.<br \/>\nComprimento: 70 cm<br \/>\nLargura: 3 mm<br \/>\nPingente: 3,4 cm de largura x 6,0 cm de altura, sem o passante.<\/p>\n","protected":false},"featured_media":881,"comment_status":"open","ping_status":"closed","template":"","meta":[],"product_brand":[],"product_cat":[170],"product_tag":[439,460,461,333,211,169],"class_list":{"0":"post-822","1":"product","2":"type-product","3":"status-publish","4":"has-post-thumbnail","6":"product_cat-colares","7":"product_tag-agata-azul","8":"product_tag-banhado-ouro-amarelo-18-k","9":"product_tag-cordao","10":"product_tag-cordao-baiano","11":"product_tag-corrente","12":"product_tag-pedra","14":"first","15":"instock","16":"shipping-taxable","17":"purchasable","18":"product-type-simple"},"_links":{"self":[{"href":"https:\/\/meiremendesjoias.com.br\/novo\/wp-json\/wp\/v2\/product\/822","targetHints":{"allow":["GET"]}}],"collection":[{"href":"https:\/\/meiremendesjoias.com.br\/novo\/wp-json\/wp\/v2\/product"}],"about":[{"href":"https:\/\/meiremendesjoias.com.br\/novo\/wp-json\/wp\/v2\/types\/product"}],"replies":[{"embeddable":true,"href":"https:\/\/meiremendesjoias.com.br\/novo\/wp-json\/wp\/v2\/comments?post=822"}],"wp:featuredmedia":[{"embeddable":true,"href":"https:\/\/meiremendesjoias.com.br\/novo\/wp-json\/wp\/v2\/media\/881"}],"wp:attachment":[{"href":"https:\/\/meiremendesjoias.com.br\/novo\/wp-json\/wp\/v2\/media?parent=822"}],"wp:term":[{"taxonomy":"product_brand","embeddable":true,"href":"https:\/\/meiremendesjoias.com.br\/novo\/wp-json\/wp\/v2\/product_brand?post=822"},{"taxonomy":"product_cat","embeddable":true,"href":"https:\/\/meiremendesjoias.com.br\/novo\/wp-json\/wp\/v2\/product_cat?post=822"},{"taxonomy":"product_tag","embeddable":true,"href":"https:\/\/meiremendesjoias.com.br\/novo\/wp-json\/wp\/v2\/product_tag?post=822"}],"curies":[{"name":"wp","href":"https:\/\/api.w.org\/{rel}","templated":true}]}}