{"id":827,"date":"2023-11-30T17:47:55","date_gmt":"2023-11-30T20:47:55","guid":{"rendered":"https:\/\/meiremendesjoias.com.br\/novo\/?post_type=product&#038;p=827"},"modified":"2023-12-08T15:59:13","modified_gmt":"2023-12-08T18:59:13","slug":"gargantilha-borboleta","status":"publish","type":"product","link":"https:\/\/meiremendesjoias.com.br\/novo\/produto\/gargantilha-borboleta\/","title":{"rendered":"Gargantilha Borboleta"},"content":{"rendered":"<p>Gargantilha banhada a r\u00f3dio, com pingente borboleta de madrep\u00e9rola, fusion e micro crava\u00e7\u00e3o na volta toda.<br \/>\nComprimento: 42 cm, mais extensor que chega at\u00e9 52 cm.<br \/>\nTemos o brinco para formar o conjunto. Veja na foto em anexo.<\/p>\n","protected":false},"excerpt":{"rendered":"<p>Gargantilha banhada a r\u00f3dio, com pingente borboleta de madrep\u00e9rola, fusion e micro crava\u00e7\u00e3o na volta toda.<br \/>\nComprimento: 42 cm, mais extensor que chega at\u00e9 52 cm.<br \/>\nTemos o brinco para formar o conjunto. Veja na foto em anexo.<\/p>\n","protected":false},"featured_media":886,"comment_status":"open","ping_status":"closed","template":"","meta":[],"product_brand":[],"product_cat":[170,17],"product_tag":[22,37,172,175,30,38,215],"class_list":{"0":"post-827","1":"product","2":"type-product","3":"status-publish","4":"has-post-thumbnail","6":"product_cat-colares","7":"product_cat-sale","8":"product_tag-banhado-a-rodio","9":"product_tag-borboleta","10":"product_tag-colar","11":"product_tag-colares","12":"product_tag-fusion","13":"product_tag-madreperola","14":"product_tag-micro-zirconias","16":"first","17":"instock","18":"sale","19":"shipping-taxable","20":"purchasable","21":"product-type-simple"},"_links":{"self":[{"href":"https:\/\/meiremendesjoias.com.br\/novo\/wp-json\/wp\/v2\/product\/827","targetHints":{"allow":["GET"]}}],"collection":[{"href":"https:\/\/meiremendesjoias.com.br\/novo\/wp-json\/wp\/v2\/product"}],"about":[{"href":"https:\/\/meiremendesjoias.com.br\/novo\/wp-json\/wp\/v2\/types\/product"}],"replies":[{"embeddable":true,"href":"https:\/\/meiremendesjoias.com.br\/novo\/wp-json\/wp\/v2\/comments?post=827"}],"wp:featuredmedia":[{"embeddable":true,"href":"https:\/\/meiremendesjoias.com.br\/novo\/wp-json\/wp\/v2\/media\/886"}],"wp:attachment":[{"href":"https:\/\/meiremendesjoias.com.br\/novo\/wp-json\/wp\/v2\/media?parent=827"}],"wp:term":[{"taxonomy":"product_brand","embeddable":true,"href":"https:\/\/meiremendesjoias.com.br\/novo\/wp-json\/wp\/v2\/product_brand?post=827"},{"taxonomy":"product_cat","embeddable":true,"href":"https:\/\/meiremendesjoias.com.br\/novo\/wp-json\/wp\/v2\/product_cat?post=827"},{"taxonomy":"product_tag","embeddable":true,"href":"https:\/\/meiremendesjoias.com.br\/novo\/wp-json\/wp\/v2\/product_tag?post=827"}],"curies":[{"name":"wp","href":"https:\/\/api.w.org\/{rel}","templated":true}]}}