{"id":828,"date":"2023-11-30T17:47:55","date_gmt":"2023-11-30T20:47:55","guid":{"rendered":"https:\/\/meiremendesjoias.com.br\/novo\/?post_type=product&#038;p=828"},"modified":"2023-12-08T15:59:04","modified_gmt":"2023-12-08T18:59:04","slug":"gargantilha-com-mandala-curso-medicina","status":"publish","type":"product","link":"https:\/\/meiremendesjoias.com.br\/novo\/produto\/gargantilha-com-mandala-curso-medicina\/","title":{"rendered":"Gargantilha Com Mandala Curso Medicina"},"content":{"rendered":"<p>Gargantilha banhada a ouro 18 k, com mandala curso medicina.<br \/>\nComprimento: 50 cm<br \/>\nMandala: 2,8 cm de di\u00e2metro<br \/>\nPrazo de fabrica\u00e7\u00e3o: 7 dias \u00fateis, podendo ocorrer antes.<br \/>\nGarantia de noventa dias contra defeitos de fabrica\u00e7\u00e3o.<\/p>\n","protected":false},"excerpt":{"rendered":"<p>Gargantilha banhada a ouro 18 k, com mandala curso medicina.<br \/>\nComprimento: 50 cm<br \/>\nMandala: 2,8 cm de di\u00e2metro<br \/>\nPrazo de fabrica\u00e7\u00e3o: 7 dias \u00fateis, podendo ocorrer antes.<br \/>\nGarantia de noventa dias contra defeitos de fabrica\u00e7\u00e3o.<\/p>\n","protected":false},"featured_media":889,"comment_status":"open","ping_status":"closed","template":"","meta":[],"product_brand":[],"product_cat":[170],"product_tag":[188,466,186,248,182],"class_list":{"0":"post-828","1":"product","2":"type-product","3":"status-publish","4":"has-post-thumbnail","6":"product_cat-colares","7":"product_tag-banhada-a-ouro-18-k","8":"product_tag-curso-medicina","9":"product_tag-gargantilha","10":"product_tag-mandala","11":"product_tag-pingente","13":"first","14":"instock","15":"shipping-taxable","16":"purchasable","17":"product-type-simple"},"_links":{"self":[{"href":"https:\/\/meiremendesjoias.com.br\/novo\/wp-json\/wp\/v2\/product\/828","targetHints":{"allow":["GET"]}}],"collection":[{"href":"https:\/\/meiremendesjoias.com.br\/novo\/wp-json\/wp\/v2\/product"}],"about":[{"href":"https:\/\/meiremendesjoias.com.br\/novo\/wp-json\/wp\/v2\/types\/product"}],"replies":[{"embeddable":true,"href":"https:\/\/meiremendesjoias.com.br\/novo\/wp-json\/wp\/v2\/comments?post=828"}],"wp:featuredmedia":[{"embeddable":true,"href":"https:\/\/meiremendesjoias.com.br\/novo\/wp-json\/wp\/v2\/media\/889"}],"wp:attachment":[{"href":"https:\/\/meiremendesjoias.com.br\/novo\/wp-json\/wp\/v2\/media?parent=828"}],"wp:term":[{"taxonomy":"product_brand","embeddable":true,"href":"https:\/\/meiremendesjoias.com.br\/novo\/wp-json\/wp\/v2\/product_brand?post=828"},{"taxonomy":"product_cat","embeddable":true,"href":"https:\/\/meiremendesjoias.com.br\/novo\/wp-json\/wp\/v2\/product_cat?post=828"},{"taxonomy":"product_tag","embeddable":true,"href":"https:\/\/meiremendesjoias.com.br\/novo\/wp-json\/wp\/v2\/product_tag?post=828"}],"curies":[{"name":"wp","href":"https:\/\/api.w.org\/{rel}","templated":true}]}}