{"id":868,"date":"2023-11-30T17:48:17","date_gmt":"2023-11-30T20:48:17","guid":{"rendered":"https:\/\/meiremendesjoias.com.br\/novo\/?post_type=product&#038;p=868"},"modified":"2023-12-08T15:55:20","modified_gmt":"2023-12-08T18:55:20","slug":"gargantilha-olho-grego","status":"publish","type":"product","link":"https:\/\/meiremendesjoias.com.br\/novo\/produto\/gargantilha-olho-grego\/","title":{"rendered":"Gargantilha Olho Grego"},"content":{"rendered":"<p>Gargantilha com pingente olho grego de madrep\u00e9rola, cravejado de zirc\u00f4nias a volta toda.<br \/>\nCorrente: 43 cm, mais extensor que chega at\u00e9 48 cm de comprimento.<br \/>\nOlho grego: 1,6 cm de di\u00e2metro<br \/>\nTemos no banho de r\u00f3dio com zirc\u00f4nias brancas e no banho de ouro amarelo 18 k com zirc\u00f4nias rainbow. Escolha a sua!<\/p>\n","protected":false},"excerpt":{"rendered":"<p>Gargantilha com pingente olho grego de madrep\u00e9rola, cravejado de zirc\u00f4nias a volta toda.<br \/>\nCorrente: 43 cm, mais extensor que chega at\u00e9 48 cm de comprimento.<br \/>\nOlho grego: 1,6 cm de di\u00e2metro<br \/>\nTemos no banho de r\u00f3dio com zirc\u00f4nias brancas e no banho de ouro amarelo 18 k com zirc\u00f4nias rainbow.<\/p>\n<p>Chama no WhatsApp para escolher a sua antes de finalizar a compra.<\/p>\n","protected":false},"featured_media":925,"comment_status":"open","ping_status":"closed","template":"","meta":[],"product_brand":[],"product_cat":[170],"product_tag":[185,22,186,204,176,178,237,42],"class_list":{"0":"post-868","1":"product","2":"type-product","3":"status-publish","4":"has-post-thumbnail","6":"product_cat-colares","7":"product_tag-banhada-a-ouro-amarelo-18-k","8":"product_tag-banhado-a-rodio","9":"product_tag-gargantilha","10":"product_tag-murano","11":"product_tag-olho-grego","12":"product_tag-protecao","13":"product_tag-rainbow","14":"product_tag-zirconias","16":"first","17":"instock","18":"shipping-taxable","19":"purchasable","20":"product-type-simple"},"_links":{"self":[{"href":"https:\/\/meiremendesjoias.com.br\/novo\/wp-json\/wp\/v2\/product\/868","targetHints":{"allow":["GET"]}}],"collection":[{"href":"https:\/\/meiremendesjoias.com.br\/novo\/wp-json\/wp\/v2\/product"}],"about":[{"href":"https:\/\/meiremendesjoias.com.br\/novo\/wp-json\/wp\/v2\/types\/product"}],"replies":[{"embeddable":true,"href":"https:\/\/meiremendesjoias.com.br\/novo\/wp-json\/wp\/v2\/comments?post=868"}],"wp:featuredmedia":[{"embeddable":true,"href":"https:\/\/meiremendesjoias.com.br\/novo\/wp-json\/wp\/v2\/media\/925"}],"wp:attachment":[{"href":"https:\/\/meiremendesjoias.com.br\/novo\/wp-json\/wp\/v2\/media?parent=868"}],"wp:term":[{"taxonomy":"product_brand","embeddable":true,"href":"https:\/\/meiremendesjoias.com.br\/novo\/wp-json\/wp\/v2\/product_brand?post=868"},{"taxonomy":"product_cat","embeddable":true,"href":"https:\/\/meiremendesjoias.com.br\/novo\/wp-json\/wp\/v2\/product_cat?post=868"},{"taxonomy":"product_tag","embeddable":true,"href":"https:\/\/meiremendesjoias.com.br\/novo\/wp-json\/wp\/v2\/product_tag?post=868"}],"curies":[{"name":"wp","href":"https:\/\/api.w.org\/{rel}","templated":true}]}}