{"id":917,"date":"2023-11-30T17:48:39","date_gmt":"2023-11-30T20:48:39","guid":{"rendered":"https:\/\/meiremendesjoias.com.br\/novo\/?post_type=product&#038;p=917"},"modified":"2024-12-09T09:09:20","modified_gmt":"2024-12-09T12:09:20","slug":"berloque-coracao-amor-love","status":"publish","type":"product","link":"https:\/\/meiremendesjoias.com.br\/novo\/produto\/berloque-coracao-amor-love\/","title":{"rendered":"Berloque Cora\u00e7\u00e3o Amor Love"},"content":{"rendered":"<p>Berloque banhado a r\u00f3dio.<\/p>\n","protected":false},"excerpt":{"rendered":"<p>Berloque banhado a r\u00f3dio.<\/p>\n","protected":false},"featured_media":975,"comment_status":"open","ping_status":"closed","template":"","meta":[],"product_brand":[],"product_cat":[220],"product_tag":[392,482,488,483,29,59,489,393,400,224],"class_list":{"0":"post-917","1":"product","2":"type-product","3":"status-publish","4":"has-post-thumbnail","6":"product_cat-pingentes","7":"product_tag-amor","8":"product_tag-berloque","9":"product_tag-berloques","10":"product_tag-charms","11":"product_tag-coracao","12":"product_tag-garantia","13":"product_tag-life-vivara-inspired","14":"product_tag-love","15":"product_tag-pandora-inspired","16":"product_tag-pingentes","18":"first","19":"instock","20":"shipping-taxable","21":"purchasable","22":"product-type-simple"},"_links":{"self":[{"href":"https:\/\/meiremendesjoias.com.br\/novo\/wp-json\/wp\/v2\/product\/917","targetHints":{"allow":["GET"]}}],"collection":[{"href":"https:\/\/meiremendesjoias.com.br\/novo\/wp-json\/wp\/v2\/product"}],"about":[{"href":"https:\/\/meiremendesjoias.com.br\/novo\/wp-json\/wp\/v2\/types\/product"}],"replies":[{"embeddable":true,"href":"https:\/\/meiremendesjoias.com.br\/novo\/wp-json\/wp\/v2\/comments?post=917"}],"wp:featuredmedia":[{"embeddable":true,"href":"https:\/\/meiremendesjoias.com.br\/novo\/wp-json\/wp\/v2\/media\/975"}],"wp:attachment":[{"href":"https:\/\/meiremendesjoias.com.br\/novo\/wp-json\/wp\/v2\/media?parent=917"}],"wp:term":[{"taxonomy":"product_brand","embeddable":true,"href":"https:\/\/meiremendesjoias.com.br\/novo\/wp-json\/wp\/v2\/product_brand?post=917"},{"taxonomy":"product_cat","embeddable":true,"href":"https:\/\/meiremendesjoias.com.br\/novo\/wp-json\/wp\/v2\/product_cat?post=917"},{"taxonomy":"product_tag","embeddable":true,"href":"https:\/\/meiremendesjoias.com.br\/novo\/wp-json\/wp\/v2\/product_tag?post=917"}],"curies":[{"name":"wp","href":"https:\/\/api.w.org\/{rel}","templated":true}]}}