{"id":949,"date":"2023-11-30T17:49:00","date_gmt":"2023-11-30T20:49:00","guid":{"rendered":"https:\/\/meiremendesjoias.com.br\/novo\/?post_type=product&#038;p=949"},"modified":"2023-12-08T12:15:24","modified_gmt":"2023-12-08T15:15:24","slug":"berloque-coracao-grandma","status":"publish","type":"product","link":"https:\/\/meiremendesjoias.com.br\/novo\/produto\/berloque-coracao-grandma\/","title":{"rendered":"Berloque Cora\u00e7\u00e3o Grandma"},"content":{"rendered":"<p>Berloque cora\u00e7\u00e3o grandma Vivara e Pandora Inspired, banhado a r\u00f3dio.<\/p>\n","protected":false},"excerpt":{"rendered":"<p>Berloque cora\u00e7\u00e3o grandma Vivara e Pandora Inspired, banhado a r\u00f3dio.<\/p>\n","protected":false},"featured_media":979,"comment_status":"open","ping_status":"closed","template":"","meta":[],"product_brand":[],"product_cat":[220],"product_tag":[487,488,483,59,489,400,224],"class_list":{"0":"post-949","1":"product","2":"type-product","3":"status-publish","4":"has-post-thumbnail","6":"product_cat-pingentes","7":"product_tag-banhado","8":"product_tag-berloques","9":"product_tag-charms","10":"product_tag-garantia","11":"product_tag-life-vivara-inspired","12":"product_tag-pandora-inspired","13":"product_tag-pingentes","15":"first","16":"instock","17":"shipping-taxable","18":"purchasable","19":"product-type-simple"},"_links":{"self":[{"href":"https:\/\/meiremendesjoias.com.br\/novo\/wp-json\/wp\/v2\/product\/949","targetHints":{"allow":["GET"]}}],"collection":[{"href":"https:\/\/meiremendesjoias.com.br\/novo\/wp-json\/wp\/v2\/product"}],"about":[{"href":"https:\/\/meiremendesjoias.com.br\/novo\/wp-json\/wp\/v2\/types\/product"}],"replies":[{"embeddable":true,"href":"https:\/\/meiremendesjoias.com.br\/novo\/wp-json\/wp\/v2\/comments?post=949"}],"wp:featuredmedia":[{"embeddable":true,"href":"https:\/\/meiremendesjoias.com.br\/novo\/wp-json\/wp\/v2\/media\/979"}],"wp:attachment":[{"href":"https:\/\/meiremendesjoias.com.br\/novo\/wp-json\/wp\/v2\/media?parent=949"}],"wp:term":[{"taxonomy":"product_brand","embeddable":true,"href":"https:\/\/meiremendesjoias.com.br\/novo\/wp-json\/wp\/v2\/product_brand?post=949"},{"taxonomy":"product_cat","embeddable":true,"href":"https:\/\/meiremendesjoias.com.br\/novo\/wp-json\/wp\/v2\/product_cat?post=949"},{"taxonomy":"product_tag","embeddable":true,"href":"https:\/\/meiremendesjoias.com.br\/novo\/wp-json\/wp\/v2\/product_tag?post=949"}],"curies":[{"name":"wp","href":"https:\/\/api.w.org\/{rel}","templated":true}]}}