{"id":954,"date":"2023-11-30T17:49:00","date_gmt":"2023-11-30T20:49:00","guid":{"rendered":"https:\/\/meiremendesjoias.com.br\/novo\/?post_type=product&#038;p=954"},"modified":"2024-12-09T09:09:26","modified_gmt":"2024-12-09T12:09:26","slug":"berloque-coracao-trava-de-seguranca-com-correntinha","status":"publish","type":"product","link":"https:\/\/meiremendesjoias.com.br\/novo\/produto\/berloque-coracao-trava-de-seguranca-com-correntinha\/","title":{"rendered":"Berloque Cora\u00e7\u00e3o Trava de Seguran\u00e7a Com Correntinha"},"content":{"rendered":"<p>Berloque trava de seguran\u00e7a com correntinha, Vivara e Pandora Inspired, banhado a r\u00f3dio.<br \/>\nGarantia contra defeitos de fabrica\u00e7\u00e3o.<\/p>\n","protected":false},"excerpt":{"rendered":"<p>Berloque trava de seguran\u00e7a com correntinha, Vivara e Pandora Inspired, banhado a r\u00f3dio.<br \/>\nGarantia contra defeitos de fabrica\u00e7\u00e3o.<\/p>\n","protected":false},"featured_media":984,"comment_status":"open","ping_status":"closed","template":"","meta":[],"product_brand":[],"product_cat":[220],"product_tag":[22,488,483,489,400,523],"class_list":{"0":"post-954","1":"product","2":"type-product","3":"status-publish","4":"has-post-thumbnail","6":"product_cat-pingentes","7":"product_tag-banhado-a-rodio","8":"product_tag-berloques","9":"product_tag-charms","10":"product_tag-life-vivara-inspired","11":"product_tag-pandora-inspired","12":"product_tag-trava-de-seguranca-com-correntinha","14":"first","15":"instock","16":"shipping-taxable","17":"purchasable","18":"product-type-simple"},"_links":{"self":[{"href":"https:\/\/meiremendesjoias.com.br\/novo\/wp-json\/wp\/v2\/product\/954","targetHints":{"allow":["GET"]}}],"collection":[{"href":"https:\/\/meiremendesjoias.com.br\/novo\/wp-json\/wp\/v2\/product"}],"about":[{"href":"https:\/\/meiremendesjoias.com.br\/novo\/wp-json\/wp\/v2\/types\/product"}],"replies":[{"embeddable":true,"href":"https:\/\/meiremendesjoias.com.br\/novo\/wp-json\/wp\/v2\/comments?post=954"}],"wp:featuredmedia":[{"embeddable":true,"href":"https:\/\/meiremendesjoias.com.br\/novo\/wp-json\/wp\/v2\/media\/984"}],"wp:attachment":[{"href":"https:\/\/meiremendesjoias.com.br\/novo\/wp-json\/wp\/v2\/media?parent=954"}],"wp:term":[{"taxonomy":"product_brand","embeddable":true,"href":"https:\/\/meiremendesjoias.com.br\/novo\/wp-json\/wp\/v2\/product_brand?post=954"},{"taxonomy":"product_cat","embeddable":true,"href":"https:\/\/meiremendesjoias.com.br\/novo\/wp-json\/wp\/v2\/product_cat?post=954"},{"taxonomy":"product_tag","embeddable":true,"href":"https:\/\/meiremendesjoias.com.br\/novo\/wp-json\/wp\/v2\/product_tag?post=954"}],"curies":[{"name":"wp","href":"https:\/\/api.w.org\/{rel}","templated":true}]}}