{"id":996,"date":"2023-11-30T17:49:22","date_gmt":"2023-11-30T20:49:22","guid":{"rendered":"https:\/\/meiremendesjoias.com.br\/novo\/?post_type=product&#038;p=996"},"modified":"2023-12-08T11:39:20","modified_gmt":"2023-12-08T14:39:20","slug":"berloque-hamsa-mao-de-fatima","status":"publish","type":"product","link":"https:\/\/meiremendesjoias.com.br\/novo\/produto\/berloque-hamsa-mao-de-fatima\/","title":{"rendered":"Berloque Hamsa M\u00e3o de F\u00e1tima"},"content":{"rendered":"<p>Berloque hamsa, m\u00e3o de f\u00e1tima banhado a r\u00f3dio.<\/p>\n","protected":false},"excerpt":{"rendered":"<p>Berloque hamsa, m\u00e3o de f\u00e1tima banhado a r\u00f3dio.<\/p>\n","protected":false},"featured_media":1026,"comment_status":"open","ping_status":"closed","template":"","meta":[],"product_brand":[],"product_cat":[220],"product_tag":[22,488,483,59,223,537,400,224,107,214],"class_list":{"0":"post-996","1":"product","2":"type-product","3":"status-publish","4":"has-post-thumbnail","6":"product_cat-pingentes","7":"product_tag-banhado-a-rodio","8":"product_tag-berloques","9":"product_tag-charms","10":"product_tag-garantia","11":"product_tag-hamsa","12":"product_tag-mao-de-fatima","13":"product_tag-pandora-inspired","14":"product_tag-pingentes","15":"product_tag-religioso","16":"product_tag-vivara-inspired","18":"first","19":"instock","20":"shipping-taxable","21":"purchasable","22":"product-type-simple"},"_links":{"self":[{"href":"https:\/\/meiremendesjoias.com.br\/novo\/wp-json\/wp\/v2\/product\/996","targetHints":{"allow":["GET"]}}],"collection":[{"href":"https:\/\/meiremendesjoias.com.br\/novo\/wp-json\/wp\/v2\/product"}],"about":[{"href":"https:\/\/meiremendesjoias.com.br\/novo\/wp-json\/wp\/v2\/types\/product"}],"replies":[{"embeddable":true,"href":"https:\/\/meiremendesjoias.com.br\/novo\/wp-json\/wp\/v2\/comments?post=996"}],"wp:featuredmedia":[{"embeddable":true,"href":"https:\/\/meiremendesjoias.com.br\/novo\/wp-json\/wp\/v2\/media\/1026"}],"wp:attachment":[{"href":"https:\/\/meiremendesjoias.com.br\/novo\/wp-json\/wp\/v2\/media?parent=996"}],"wp:term":[{"taxonomy":"product_brand","embeddable":true,"href":"https:\/\/meiremendesjoias.com.br\/novo\/wp-json\/wp\/v2\/product_brand?post=996"},{"taxonomy":"product_cat","embeddable":true,"href":"https:\/\/meiremendesjoias.com.br\/novo\/wp-json\/wp\/v2\/product_cat?post=996"},{"taxonomy":"product_tag","embeddable":true,"href":"https:\/\/meiremendesjoias.com.br\/novo\/wp-json\/wp\/v2\/product_tag?post=996"}],"curies":[{"name":"wp","href":"https:\/\/api.w.org\/{rel}","templated":true}]}}